{"id":4288,"date":"2022-06-24T11:28:10","date_gmt":"2022-06-24T11:28:10","guid":{"rendered":"https:\/\/mabuko.co.mz\/?post_type=product&#038;p=4288"},"modified":"2022-12-20T14:45:02","modified_gmt":"2022-12-20T14:45:02","slug":"os-pilares-da-terra-volume-ii","status":"publish","type":"product","link":"https:\/\/mabuko.co.mz\/site\/?product=os-pilares-da-terra-volume-ii","title":{"rendered":"OS PILARES DA TERRA &#8211; VOLUME II"},"content":{"rendered":"","protected":false},"excerpt":{"rendered":"<div id=\"productPageSectionAboutBook-sinopseTitle\" class=\"right-title\"><strong>SINOPSE<\/strong><\/div>\n<div id=\"productPageSectionAboutBook-sinopse\" class=\"right-text\">\n<p>Do mesmo autor do\u00a0<i>thriller &#8220;A Amea\u00e7a&#8221;<\/i>, chega-nos o primeiro volume de um arrebatador romance hist\u00f3rico que se revelou ser uma obra-prima aclamada pela comunidade de leitores de v\u00e1rios pa\u00edses que num verdadeiro fen\u00f3meno de passa-palavra a catapultaram para a ribalta. Originalmente publicado em 1989, veio para o nosso pa\u00eds em 1995, publicado por outra editora portuguesa, recuperando-o agora a Presen\u00e7a para dar continuidade \u00e0s obras de Ken Follett. O seu estilo inconfund\u00edvel de mestre do\u00a0<i>suspense<\/i>\u00a0denota-se no desenrolar desta hist\u00f3ria \u00e9pica, tecida por intrigas, aventura e luta pol\u00edtica. A trama centra-se no s\u00e9culo XII, em Inglaterra, onde um pedreiro persegue o sonho de edificar uma catedral g\u00f3tica, digna de tocar os c\u00e9us. Em redor desta ambi\u00e7\u00e3o soberba, o leitor vai acompanhando um quadro composto por v\u00e1rias personagens, colorido e rico em ac\u00e7\u00e3o e descri\u00e7\u00e3o de um per\u00edodo da Idade M\u00e9dia a que n\u00e3o faltou emotividade, poder, vingan\u00e7a e trai\u00e7\u00e3o. Conhe\u00e7a o trabalho de um aut\u00eantico mestre da palavra naquela que \u00e9 considerada a sua obra de elei\u00e7\u00e3o.<\/p>\n<\/div>\n","protected":false},"featured_media":4290,"template":"","meta":{"_monsterinsights_skip_tracking":false,"_monsterinsights_sitenote_active":false,"_monsterinsights_sitenote_note":"","_monsterinsights_sitenote_category":0},"product_cat":[103,105],"product_tag":[],"class_list":{"0":"post-4288","1":"product","2":"type-product","3":"status-publish","4":"has-post-thumbnail","6":"product_cat-literatura","7":"product_cat-romance","8":"pa_book-author-ken-follett","10":"first","11":"instock","12":"shipping-taxable","13":"purchasable","14":"product-type-simple"},"_links":{"self":[{"href":"https:\/\/mabuko.co.mz\/site\/index.php?rest_route=\/wp\/v2\/product\/4288","targetHints":{"allow":["GET"]}}],"collection":[{"href":"https:\/\/mabuko.co.mz\/site\/index.php?rest_route=\/wp\/v2\/product"}],"about":[{"href":"https:\/\/mabuko.co.mz\/site\/index.php?rest_route=\/wp\/v2\/types\/product"}],"wp:featuredmedia":[{"embeddable":true,"href":"https:\/\/mabuko.co.mz\/site\/index.php?rest_route=\/wp\/v2\/media\/4290"}],"wp:attachment":[{"href":"https:\/\/mabuko.co.mz\/site\/index.php?rest_route=%2Fwp%2Fv2%2Fmedia&parent=4288"}],"wp:term":[{"taxonomy":"product_cat","embeddable":true,"href":"https:\/\/mabuko.co.mz\/site\/index.php?rest_route=%2Fwp%2Fv2%2Fproduct_cat&post=4288"},{"taxonomy":"product_tag","embeddable":true,"href":"https:\/\/mabuko.co.mz\/site\/index.php?rest_route=%2Fwp%2Fv2%2Fproduct_tag&post=4288"}],"curies":[{"name":"wp","href":"https:\/\/api.w.org\/{rel}","templated":true}]}}