{"id":4286,"date":"2022-06-24T11:16:46","date_gmt":"2022-06-24T11:16:46","guid":{"rendered":"https:\/\/mabuko.co.mz\/?post_type=product&#038;p=4286"},"modified":"2022-12-20T14:48:09","modified_gmt":"2022-12-20T14:48:09","slug":"a-noite-dos-animais-inventados","status":"publish","type":"product","link":"https:\/\/mabuko.co.mz\/site\/?product=a-noite-dos-animais-inventados","title":{"rendered":"A NOITE DOS ANIMAIS INVENTADOS"},"content":{"rendered":"<p>David Machado<\/p>\n<p>9789722335508<\/p>\n<p>&nbsp;<\/p>\n","protected":false},"excerpt":{"rendered":"<p><strong>SINOPSE<\/strong><\/p>\n<p>Plano Nacional de Leitura Livro recomendado para o 2\u00ba ano de escolaridade, destinado a leitura aut\u00f3noma. Vencedor da mais recente edi\u00e7\u00e3o do Pr\u00e9mio Branquinho da Fonseca, atribu\u00eddo pelo jornal Expresso e pela Funda\u00e7\u00e3o Calouste Gulbenkian, David Machado \u00e9 um escritor em plena ascens\u00e3o. Neste seu primeiro livro, transporta-nos at\u00e9 um quarto escuro onde dormem Jonas e os seus irm\u00e3os &#8211; Jeremias, o mais velho, e os g\u00e9meos Jacinto e Jaime. Dotados de uma imagina\u00e7\u00e3o poderosa come\u00e7am a inventar animais, desde galinhas, leopardos, pirilampos, tartarugas, lobos, morcegos, gatos, ursos, elefantes, acabando por criar um enorme dinossauro que j\u00e1 n\u00e3o cabia no quarto e assustava todos os outros animais. Finalmente os irm\u00e3os uniram-se e, juntos, tiveram de imaginar um comboio que transportasse todos estes seres para uma floresta inventada. Voltaram e enfiar-se debaixo de uma manta de retalhos e assim conceberam um final feliz. Com ilustra\u00e7\u00f5es magn\u00edficas de Teresa Lima este \u00e9 um livro para fazer sonhar os pequenos leitores.<\/p>\n","protected":false},"featured_media":4287,"template":"","meta":{"_monsterinsights_skip_tracking":false,"_monsterinsights_sitenote_active":false,"_monsterinsights_sitenote_note":"","_monsterinsights_sitenote_category":0},"product_cat":[135],"product_tag":[],"class_list":{"0":"post-4286","1":"product","2":"type-product","3":"status-publish","4":"has-post-thumbnail","6":"product_cat-infantil","7":"pa_book-author-david-machado","9":"first","10":"instock","11":"shipping-taxable","12":"purchasable","13":"product-type-simple"},"_links":{"self":[{"href":"https:\/\/mabuko.co.mz\/site\/index.php?rest_route=\/wp\/v2\/product\/4286","targetHints":{"allow":["GET"]}}],"collection":[{"href":"https:\/\/mabuko.co.mz\/site\/index.php?rest_route=\/wp\/v2\/product"}],"about":[{"href":"https:\/\/mabuko.co.mz\/site\/index.php?rest_route=\/wp\/v2\/types\/product"}],"wp:featuredmedia":[{"embeddable":true,"href":"https:\/\/mabuko.co.mz\/site\/index.php?rest_route=\/wp\/v2\/media\/4287"}],"wp:attachment":[{"href":"https:\/\/mabuko.co.mz\/site\/index.php?rest_route=%2Fwp%2Fv2%2Fmedia&parent=4286"}],"wp:term":[{"taxonomy":"product_cat","embeddable":true,"href":"https:\/\/mabuko.co.mz\/site\/index.php?rest_route=%2Fwp%2Fv2%2Fproduct_cat&post=4286"},{"taxonomy":"product_tag","embeddable":true,"href":"https:\/\/mabuko.co.mz\/site\/index.php?rest_route=%2Fwp%2Fv2%2Fproduct_tag&post=4286"}],"curies":[{"name":"wp","href":"https:\/\/api.w.org\/{rel}","templated":true}]}}