{"id":4279,"date":"2022-06-24T10:00:41","date_gmt":"2022-06-24T10:00:41","guid":{"rendered":"https:\/\/mabuko.co.mz\/?post_type=product&#038;p=4279"},"modified":"2022-12-20T15:01:58","modified_gmt":"2022-12-20T15:01:58","slug":"tropel","status":"publish","type":"product","link":"https:\/\/mabuko.co.mz\/site\/?product=tropel","title":{"rendered":"TROPEL"},"content":{"rendered":"<p>Manuel Jorge Marmelo<\/p>\n<p>9789720031815<\/p>\n","protected":false},"excerpt":{"rendered":"<p><strong>SINOPSE<\/strong><\/p>\n<p>Fica o leitor advertido de que esta fic\u00e7\u00e3o \u00e9 completamente alheia \u00e0 realidade. Tudo nela \u00e9 falso, desconcertante, fict\u00edcio e quase nada ver\u00eddico. A viagem que aqui se empreende ao \u00e2mago da pungente met\u00e1fora que anima o Clube dos Ca\u00e7adores de Sz\u00e9kely \u00e9, todavia, inspirada em factos absolutamente reais. Atanas Viktor, o desamparado adolescente herdeiro de uma longa linhagem de ca\u00e7adores impiedosos, \u00e9 a personagem central desta incurs\u00e3o a um tempo de \u00f3dio e de uma hist\u00f3ria apartada do mundo, marginal e contada a partir de um lugar ermo, espantoso e medonho que s\u00f3 existe na literatura \u2013 mas cada vez mais pr\u00f3ximo da soleira da nossa porta.<\/p>\n","protected":false},"featured_media":4282,"template":"","meta":{"_monsterinsights_skip_tracking":false,"_monsterinsights_sitenote_active":false,"_monsterinsights_sitenote_note":"","_monsterinsights_sitenote_category":0},"product_cat":[103,212],"product_tag":[],"class_list":{"0":"post-4279","1":"product","2":"type-product","3":"status-publish","4":"has-post-thumbnail","6":"product_cat-literatura","7":"product_cat-prosa-narrativa","8":"pa_book-author-manuel-jorge-marmelo","10":"first","11":"instock","12":"shipping-taxable","13":"purchasable","14":"product-type-simple"},"_links":{"self":[{"href":"https:\/\/mabuko.co.mz\/site\/index.php?rest_route=\/wp\/v2\/product\/4279","targetHints":{"allow":["GET"]}}],"collection":[{"href":"https:\/\/mabuko.co.mz\/site\/index.php?rest_route=\/wp\/v2\/product"}],"about":[{"href":"https:\/\/mabuko.co.mz\/site\/index.php?rest_route=\/wp\/v2\/types\/product"}],"wp:featuredmedia":[{"embeddable":true,"href":"https:\/\/mabuko.co.mz\/site\/index.php?rest_route=\/wp\/v2\/media\/4282"}],"wp:attachment":[{"href":"https:\/\/mabuko.co.mz\/site\/index.php?rest_route=%2Fwp%2Fv2%2Fmedia&parent=4279"}],"wp:term":[{"taxonomy":"product_cat","embeddable":true,"href":"https:\/\/mabuko.co.mz\/site\/index.php?rest_route=%2Fwp%2Fv2%2Fproduct_cat&post=4279"},{"taxonomy":"product_tag","embeddable":true,"href":"https:\/\/mabuko.co.mz\/site\/index.php?rest_route=%2Fwp%2Fv2%2Fproduct_tag&post=4279"}],"curies":[{"name":"wp","href":"https:\/\/api.w.org\/{rel}","templated":true}]}}