{"id":4277,"date":"2022-06-24T09:31:40","date_gmt":"2022-06-24T09:31:40","guid":{"rendered":"https:\/\/mabuko.co.mz\/?post_type=product&#038;p=4277"},"modified":"2022-12-20T15:04:42","modified_gmt":"2022-12-20T15:04:42","slug":"ponta-gea","status":"publish","type":"product","link":"https:\/\/mabuko.co.mz\/site\/?product=ponta-gea","title":{"rendered":"PONTA GEA"},"content":{"rendered":"<p>Jo\u00e3o Paulo Borges<\/p>\n<p>9789722128667<\/p>\n","protected":false},"excerpt":{"rendered":"<p><strong>SINOPSE<\/strong><\/p>\n<p>\u00c9 a primeira e mais persistente lembran\u00e7a: a \u00e1gua como subst\u00e2ncia da cidade. Uma \u00e1gua quieta, no mangal como nos capinzais, nos tandos de arroz e nos baldios urbanos cuja noite o mon\u00f3tono som dos grilos trespassava; insidiosa tamb\u00e9m, na onda paciente que<\/p>\n","protected":false},"featured_media":4278,"template":"","meta":{"_monsterinsights_skip_tracking":false,"_monsterinsights_sitenote_active":false,"_monsterinsights_sitenote_note":"","_monsterinsights_sitenote_category":0},"product_cat":[103,105],"product_tag":[],"class_list":{"0":"post-4277","1":"product","2":"type-product","3":"status-publish","4":"has-post-thumbnail","6":"product_cat-literatura","7":"product_cat-romance","8":"pa_book-author-joao-paulo-borges-coelho","10":"first","11":"instock","12":"shipping-taxable","13":"purchasable","14":"product-type-simple"},"_links":{"self":[{"href":"https:\/\/mabuko.co.mz\/site\/index.php?rest_route=\/wp\/v2\/product\/4277","targetHints":{"allow":["GET"]}}],"collection":[{"href":"https:\/\/mabuko.co.mz\/site\/index.php?rest_route=\/wp\/v2\/product"}],"about":[{"href":"https:\/\/mabuko.co.mz\/site\/index.php?rest_route=\/wp\/v2\/types\/product"}],"wp:featuredmedia":[{"embeddable":true,"href":"https:\/\/mabuko.co.mz\/site\/index.php?rest_route=\/wp\/v2\/media\/4278"}],"wp:attachment":[{"href":"https:\/\/mabuko.co.mz\/site\/index.php?rest_route=%2Fwp%2Fv2%2Fmedia&parent=4277"}],"wp:term":[{"taxonomy":"product_cat","embeddable":true,"href":"https:\/\/mabuko.co.mz\/site\/index.php?rest_route=%2Fwp%2Fv2%2Fproduct_cat&post=4277"},{"taxonomy":"product_tag","embeddable":true,"href":"https:\/\/mabuko.co.mz\/site\/index.php?rest_route=%2Fwp%2Fv2%2Fproduct_tag&post=4277"}],"curies":[{"name":"wp","href":"https:\/\/api.w.org\/{rel}","templated":true}]}}