{"id":4274,"date":"2022-06-24T09:03:55","date_gmt":"2022-06-24T09:03:55","guid":{"rendered":"https:\/\/mabuko.co.mz\/?post_type=product&#038;p=4274"},"modified":"2022-12-20T15:08:01","modified_gmt":"2022-12-20T15:08:01","slug":"asterix-e-os-vikings","status":"publish","type":"product","link":"https:\/\/mabuko.co.mz\/site\/?product=asterix-e-os-vikings","title":{"rendered":"AST\u00c9RIX E OS VIKINGS"},"content":{"rendered":"<p>Albert Uderzo<\/p>\n<p>Rene Goscnny<\/p>\n<p>9789724148144<\/p>\n","protected":false},"excerpt":{"rendered":"<div id=\"productPageSectionAboutBook-sinopseTitle\" class=\"right-title\">SINOPSE<\/div>\n<div id=\"productPageSectionAboutBook-sinopse\" class=\"right-text\">\n<p>Inspirado em &#8220;Ast\u00e9rix e os Normandos&#8221;, o filme &#8220;Ast\u00e9rix e os Vikings&#8221; deu origem a um \u00e1lbum. Os grandes guerreiros do Norte querem aprender o que \u00e9 o medo, porque o medo d\u00e1 asas. Atrevidix, sobrinho de Matas\u00e9tix de f\u00e9rias na aldeia gaulesa, proclama-se campe\u00e3o do medo, tornando-se assim o &#8220;instrutor&#8221; ideal para os vikings. Estes raptam-no, levam-no para o Norte e os nossos her\u00f3is ter\u00e3o de viajar at\u00e9 l\u00e1 para resgatar o rapaz<\/p>\n<\/div>\n","protected":false},"featured_media":4276,"template":"","meta":{"_monsterinsights_skip_tracking":false,"_monsterinsights_sitenote_active":false,"_monsterinsights_sitenote_note":"","_monsterinsights_sitenote_category":0},"product_cat":[205],"product_tag":[],"class_list":{"0":"post-4274","1":"product","2":"type-product","3":"status-publish","4":"has-post-thumbnail","6":"product_cat-banda-desenhada","7":"pa_book-author-albert-uderzo","8":"pa_book-author-rene-goscinny","10":"first","11":"outofstock","12":"shipping-taxable","13":"purchasable","14":"product-type-simple"},"_links":{"self":[{"href":"https:\/\/mabuko.co.mz\/site\/index.php?rest_route=\/wp\/v2\/product\/4274","targetHints":{"allow":["GET"]}}],"collection":[{"href":"https:\/\/mabuko.co.mz\/site\/index.php?rest_route=\/wp\/v2\/product"}],"about":[{"href":"https:\/\/mabuko.co.mz\/site\/index.php?rest_route=\/wp\/v2\/types\/product"}],"wp:featuredmedia":[{"embeddable":true,"href":"https:\/\/mabuko.co.mz\/site\/index.php?rest_route=\/wp\/v2\/media\/4276"}],"wp:attachment":[{"href":"https:\/\/mabuko.co.mz\/site\/index.php?rest_route=%2Fwp%2Fv2%2Fmedia&parent=4274"}],"wp:term":[{"taxonomy":"product_cat","embeddable":true,"href":"https:\/\/mabuko.co.mz\/site\/index.php?rest_route=%2Fwp%2Fv2%2Fproduct_cat&post=4274"},{"taxonomy":"product_tag","embeddable":true,"href":"https:\/\/mabuko.co.mz\/site\/index.php?rest_route=%2Fwp%2Fv2%2Fproduct_tag&post=4274"}],"curies":[{"name":"wp","href":"https:\/\/api.w.org\/{rel}","templated":true}]}}