{"id":4272,"date":"2022-06-24T08:49:37","date_gmt":"2022-06-24T08:49:37","guid":{"rendered":"https:\/\/mabuko.co.mz\/?post_type=product&#038;p=4272"},"modified":"2022-12-21T09:16:30","modified_gmt":"2022-12-21T09:16:30","slug":"as-aventuras-de-tintin-os-charutos-do-farao","status":"publish","type":"product","link":"https:\/\/mabuko.co.mz\/site\/?product=as-aventuras-de-tintin-os-charutos-do-farao","title":{"rendered":"AS AVENTURAS DE TINTIN &#8211; OS CHARUTOS DO FARA\u00d3"},"content":{"rendered":"","protected":false},"excerpt":{"rendered":"<div id=\"productPageSectionAboutBook-sinopseTitle\" class=\"right-title\"><strong>SINOPSE<\/strong><\/div>\n<div id=\"productPageSectionAboutBook-sinopse\" class=\"right-text\">\n<p>Tintin est\u00e1 a fazer um cruzeiro com destino ao Extremo Oriente, quando encontra um egipt\u00f3logo extravagante que procura a tumba de um fara\u00f3. Ao decidir acompanh\u00e1-lo \u00e9 capturado e ap\u00f3s v\u00e1rias perip\u00e9cias chega \u00e0 \u00cdndia, onde desmonta uma organiza\u00e7\u00e3o de traficantes de \u00f3pio\u2026<\/p>\n<\/div>\n","protected":false},"featured_media":4273,"template":"","meta":{"_monsterinsights_skip_tracking":false,"_monsterinsights_sitenote_active":false,"_monsterinsights_sitenote_note":"","_monsterinsights_sitenote_category":0},"product_cat":[205],"product_tag":[],"class_list":{"0":"post-4272","1":"product","2":"type-product","3":"status-publish","4":"has-post-thumbnail","6":"product_cat-banda-desenhada","7":"pa_book-author-herge","9":"first","10":"outofstock","11":"shipping-taxable","12":"purchasable","13":"product-type-simple"},"_links":{"self":[{"href":"https:\/\/mabuko.co.mz\/site\/index.php?rest_route=\/wp\/v2\/product\/4272","targetHints":{"allow":["GET"]}}],"collection":[{"href":"https:\/\/mabuko.co.mz\/site\/index.php?rest_route=\/wp\/v2\/product"}],"about":[{"href":"https:\/\/mabuko.co.mz\/site\/index.php?rest_route=\/wp\/v2\/types\/product"}],"wp:featuredmedia":[{"embeddable":true,"href":"https:\/\/mabuko.co.mz\/site\/index.php?rest_route=\/wp\/v2\/media\/4273"}],"wp:attachment":[{"href":"https:\/\/mabuko.co.mz\/site\/index.php?rest_route=%2Fwp%2Fv2%2Fmedia&parent=4272"}],"wp:term":[{"taxonomy":"product_cat","embeddable":true,"href":"https:\/\/mabuko.co.mz\/site\/index.php?rest_route=%2Fwp%2Fv2%2Fproduct_cat&post=4272"},{"taxonomy":"product_tag","embeddable":true,"href":"https:\/\/mabuko.co.mz\/site\/index.php?rest_route=%2Fwp%2Fv2%2Fproduct_tag&post=4272"}],"curies":[{"name":"wp","href":"https:\/\/api.w.org\/{rel}","templated":true}]}}