{"id":4269,"date":"2022-06-24T08:37:08","date_gmt":"2022-06-24T08:37:08","guid":{"rendered":"https:\/\/mabuko.co.mz\/?post_type=product&#038;p=4269"},"modified":"2023-01-13T14:25:30","modified_gmt":"2023-01-13T14:25:30","slug":"cronica-da-rua-513-2-2-edicao","status":"publish","type":"product","link":"https:\/\/mabuko.co.mz\/site\/?product=cronica-da-rua-513-2-2-edicao","title":{"rendered":"CR\u00d3NICAS DA RUA 513.2.2-EDI\u00c7\u00c3O"},"content":{"rendered":"","protected":false},"excerpt":{"rendered":"<p><strong>SINOPSE\u00a0<\/strong><\/p>\n<p>Umas vezes deserto in\u00f3spito, outras um mar revolto, a Rua 513.2 oscila de um extremo ao outro sem encontrar serenidade. Todavia, se fosse tirada uma m\u00e9dia a esses dois estados ela n\u00e3o passaria de uma rua normal\u00edssima Na Rua 513.2, o Inspector Monteiro, o Doutor Pestana e dona Aurora, o mec\u00e2nico Marques, a velha prostituta Arminda de Sousa e alguns outros, emergem do passado para interferir nos dias dos vivos. Por outro lado, sob o olhar atento de Filimone Tembe, o Secret\u00e1rio do Partido, esses mesmos vivos fazem o que podem para que as suas vidas avancem. Vendem enquanto h\u00e1 o que vender, como o louco Valgy ou a incans\u00e1vel Judite; apelam ao conselhos de retratos pendurados na parede, como o empres\u00e1rio Pedrosa, pescam peixes forjados, como Teles Nhantumbo; l\u00eaem cadernos que escondem hist\u00f3rias de outros tempos enquanto reparam autom\u00f3veis quase inexistentes, como Zeca Ferraz; combatem no mato, como o Comandante Santiago; ou distribuem pelos vizinhos aquilo que lhes chega \u00e0s m\u00e3os, como Josefate Mbeve, que no fundo segue \u00e0 risca as directivas do Presidente Samora Machel e tenta fazer do socialismo uma realidade.<br \/>\nAt\u00e9 que um dia chegam novos fantasmas para ocupar o lugar dos antigos, e as coisas come\u00e7am a mudar.<\/p>\n","protected":false},"featured_media":5976,"template":"","meta":{"_monsterinsights_skip_tracking":false,"_monsterinsights_sitenote_active":false,"_monsterinsights_sitenote_note":"","_monsterinsights_sitenote_category":0},"product_cat":[105],"product_tag":[],"class_list":{"0":"post-4269","1":"product","2":"type-product","3":"status-publish","4":"has-post-thumbnail","6":"product_cat-romance","7":"pa_book-author-joao-paulo-borges-coelho","9":"first","10":"instock","11":"shipping-taxable","12":"purchasable","13":"product-type-simple"},"_links":{"self":[{"href":"https:\/\/mabuko.co.mz\/site\/index.php?rest_route=\/wp\/v2\/product\/4269","targetHints":{"allow":["GET"]}}],"collection":[{"href":"https:\/\/mabuko.co.mz\/site\/index.php?rest_route=\/wp\/v2\/product"}],"about":[{"href":"https:\/\/mabuko.co.mz\/site\/index.php?rest_route=\/wp\/v2\/types\/product"}],"wp:featuredmedia":[{"embeddable":true,"href":"https:\/\/mabuko.co.mz\/site\/index.php?rest_route=\/wp\/v2\/media\/5976"}],"wp:attachment":[{"href":"https:\/\/mabuko.co.mz\/site\/index.php?rest_route=%2Fwp%2Fv2%2Fmedia&parent=4269"}],"wp:term":[{"taxonomy":"product_cat","embeddable":true,"href":"https:\/\/mabuko.co.mz\/site\/index.php?rest_route=%2Fwp%2Fv2%2Fproduct_cat&post=4269"},{"taxonomy":"product_tag","embeddable":true,"href":"https:\/\/mabuko.co.mz\/site\/index.php?rest_route=%2Fwp%2Fv2%2Fproduct_tag&post=4269"}],"curies":[{"name":"wp","href":"https:\/\/api.w.org\/{rel}","templated":true}]}}