{"id":4253,"date":"2022-06-23T15:04:07","date_gmt":"2022-06-23T15:04:07","guid":{"rendered":"https:\/\/mabuko.co.mz\/?post_type=product&#038;p=4253"},"modified":"2022-12-21T08:34:15","modified_gmt":"2022-12-21T08:34:15","slug":"80-dias-a-cor-do-prazer","status":"publish","type":"product","link":"https:\/\/mabuko.co.mz\/site\/?product=80-dias-a-cor-do-prazer","title":{"rendered":"80 DIAS A COR DO PRAZER"},"content":{"rendered":"","protected":false},"excerpt":{"rendered":"<p><strong>SINOPSE<\/strong><\/p>\n<p>Conseguir\u00e3o Summer e Dominik ultrapassar os obst\u00e1culos que se interp\u00f5em entre eles? Summer Zahova, agora uma violinista de renome, regressa a Londres &#8211; o lugar onde tudo teve in\u00edcio. Livre, sem compromissos numa cidade onde domina a vol\u00fapia, Summer envolve-se em in\u00fameras aventuras, aproveita as oportunidades excitantes, com que se depara, e viaja pela Europa, cumprindo alguns dos seus sonhos. Quando o inestim\u00e1vel violino de Summer \u00e9 roubado, eis que o carism\u00e1tico Dominik reaparece na sua vida. Nenhum deles consegue reprimir a atrac\u00e7\u00e3o que ainda sentem um pelo outro, mas o passado deixara marcas, e ambos sabem que o amor e a paix\u00e3o nem sempre andam de m\u00e3os dadas. Summer sabe que se brincar com o fogo pode acabar por se queimar, mas, no entanto, h\u00e1 alguns prazeres a que \u00e9 dif\u00edcil dizer n\u00e3o&#8230;<\/p>\n","protected":false},"featured_media":4254,"template":"","meta":{"_monsterinsights_skip_tracking":false,"_monsterinsights_sitenote_active":false,"_monsterinsights_sitenote_note":"","_monsterinsights_sitenote_category":0},"product_cat":[103],"product_tag":[],"class_list":{"0":"post-4253","1":"product","2":"type-product","3":"status-publish","4":"has-post-thumbnail","6":"product_cat-literatura","7":"pa_book-author-vina-jackson","9":"first","10":"outofstock","11":"shipping-taxable","12":"purchasable","13":"product-type-simple"},"_links":{"self":[{"href":"https:\/\/mabuko.co.mz\/site\/index.php?rest_route=\/wp\/v2\/product\/4253","targetHints":{"allow":["GET"]}}],"collection":[{"href":"https:\/\/mabuko.co.mz\/site\/index.php?rest_route=\/wp\/v2\/product"}],"about":[{"href":"https:\/\/mabuko.co.mz\/site\/index.php?rest_route=\/wp\/v2\/types\/product"}],"wp:featuredmedia":[{"embeddable":true,"href":"https:\/\/mabuko.co.mz\/site\/index.php?rest_route=\/wp\/v2\/media\/4254"}],"wp:attachment":[{"href":"https:\/\/mabuko.co.mz\/site\/index.php?rest_route=%2Fwp%2Fv2%2Fmedia&parent=4253"}],"wp:term":[{"taxonomy":"product_cat","embeddable":true,"href":"https:\/\/mabuko.co.mz\/site\/index.php?rest_route=%2Fwp%2Fv2%2Fproduct_cat&post=4253"},{"taxonomy":"product_tag","embeddable":true,"href":"https:\/\/mabuko.co.mz\/site\/index.php?rest_route=%2Fwp%2Fv2%2Fproduct_tag&post=4253"}],"curies":[{"name":"wp","href":"https:\/\/api.w.org\/{rel}","templated":true}]}}