{"id":4251,"date":"2022-06-23T14:52:49","date_gmt":"2022-06-23T14:52:49","guid":{"rendered":"https:\/\/mabuko.co.mz\/?post_type=product&#038;p=4251"},"modified":"2023-01-13T14:27:18","modified_gmt":"2023-01-13T14:27:18","slug":"o-azul-da-baia","status":"publish","type":"product","link":"https:\/\/mabuko.co.mz\/site\/?product=o-azul-da-baia","title":{"rendered":"O AZUL DA BA\u00cdA"},"content":{"rendered":"<p>Nora Roberts<\/p>\n<p>9789897104657<\/p>\n","protected":false},"excerpt":{"rendered":"<div id=\"productPageSectionAboutBook-sinopseTitle\" class=\"right-title\"><strong>SINOPSE<\/strong><\/div>\n<div id=\"productPageSectionAboutBook-sinopse\" class=\"right-text\">\n<p>Seth chegou finalmente a casa. Depois de uma inf\u00e2ncia complicada foi adoptado pelos Quinn e cresceu com tr\u00eas irm\u00e3os mais velhos que o protegeram. Agora, de regresso da Europa como um pintor aclamado, Seth instala-se perto dos irm\u00e3os. O seu sonho? Uma casa branca, uma cadeira de baloi\u00e7o no alpendre e um cachorro a seus p\u00e9s.<\/p>\n<p>Mas muita coisa mudou na pequena vila desde que Seth partiu para a Europa e a mais intrigante de todas \u00e9 a presen\u00e7a da jovem Dru Banks. Uma rapariga da cidade que abriu uma loja de flores junto ao mar, ela procura independ\u00eancia e o desafio de conseguir algo sem a influ\u00eancia da sua poderosa fam\u00edlia. Em Seth ela v\u00ea outro desafio\u2026 um desafio a que n\u00e3o consegue resistir. Mas h\u00e1 uma tempestade no horizonte que vai testar esta rela\u00e7\u00e3o aos limites. O passado de Dru fez dela uma mulher que tem dificuldade em confiar.<\/p>\n<p>E o de Seth tornou-o alvo de uma chantagem\u2026 quando um segredo que ele sempre manteve escondido amea\u00e7a vir ao de cima e destruir a sua vida e a dos seus irm\u00e3os.<\/p>\n<\/div>\n","protected":false},"featured_media":4252,"template":"","meta":{"_monsterinsights_skip_tracking":false,"_monsterinsights_sitenote_active":false,"_monsterinsights_sitenote_note":"","_monsterinsights_sitenote_category":0},"product_cat":[105],"product_tag":[],"class_list":{"0":"post-4251","1":"product","2":"type-product","3":"status-publish","4":"has-post-thumbnail","6":"product_cat-romance","7":"pa_book-author-nora-roberts","9":"first","10":"outofstock","11":"shipping-taxable","12":"purchasable","13":"product-type-simple"},"_links":{"self":[{"href":"https:\/\/mabuko.co.mz\/site\/index.php?rest_route=\/wp\/v2\/product\/4251","targetHints":{"allow":["GET"]}}],"collection":[{"href":"https:\/\/mabuko.co.mz\/site\/index.php?rest_route=\/wp\/v2\/product"}],"about":[{"href":"https:\/\/mabuko.co.mz\/site\/index.php?rest_route=\/wp\/v2\/types\/product"}],"wp:featuredmedia":[{"embeddable":true,"href":"https:\/\/mabuko.co.mz\/site\/index.php?rest_route=\/wp\/v2\/media\/4252"}],"wp:attachment":[{"href":"https:\/\/mabuko.co.mz\/site\/index.php?rest_route=%2Fwp%2Fv2%2Fmedia&parent=4251"}],"wp:term":[{"taxonomy":"product_cat","embeddable":true,"href":"https:\/\/mabuko.co.mz\/site\/index.php?rest_route=%2Fwp%2Fv2%2Fproduct_cat&post=4251"},{"taxonomy":"product_tag","embeddable":true,"href":"https:\/\/mabuko.co.mz\/site\/index.php?rest_route=%2Fwp%2Fv2%2Fproduct_tag&post=4251"}],"curies":[{"name":"wp","href":"https:\/\/api.w.org\/{rel}","templated":true}]}}