{"id":4249,"date":"2022-06-23T14:47:42","date_gmt":"2022-06-23T14:47:42","guid":{"rendered":"https:\/\/mabuko.co.mz\/?post_type=product&#038;p=4249"},"modified":"2022-12-20T09:44:33","modified_gmt":"2022-12-20T09:44:33","slug":"o-assalto-do-passado-2","status":"publish","type":"product","link":"https:\/\/mabuko.co.mz\/site\/?product=o-assalto-do-passado-2","title":{"rendered":"O ASSALTO DO PASSADO"},"content":{"rendered":"<p>Sandra Brown<\/p>\n<p>9789896612030<\/p>\n","protected":false},"excerpt":{"rendered":"<section id=\"product_about\" class=\"col-xs-12\">\n<div id=\"productPageSectionAboutBook\" class=\"col-xs-12 section\">\n<div id=\"productPageSectionAboutBook-collapseSobreLivro\" class=\"col-xs-12 col-lg-8 right-side collapse\">\n<div class=\"wells\">\n<div id=\"productPageSectionAboutBook-sinopseTitle\" class=\"right-title\">SINOPSE<\/div>\n<div id=\"productPageSectionAboutBook-sinopse\" class=\"right-text\">\n<p>A meio da noite, quatro homens realizam um assalto que lhes rende meio milh\u00e3o de d\u00f3lares. Ao raiar do dia, por\u00e9m, tudo se desmorona.<br \/>\nUm deles est\u00e1 no hospital.<br \/>\nOutro est\u00e1 na pris\u00e3o.<br \/>\nOutro perde a vida.<br \/>\nE o \u00faltimo\u2026 desaparece.<\/p>\n<p>Vinte anos depois, Arden Maxwell, a filha do homem que desapareceu sem deixar rasto, est\u00e1 cansada de viver ensombrada pelo passado e pela mem\u00f3ria de um pai que todos acreditam ter fugido cobardemente com o dinheiro. De regresso \u00e0 terra da fam\u00edlia ao fim de tanto tempo, ela est\u00e1 longe de saber, claro, que os c\u00famplices do pai est\u00e3o de olho nela.<\/p>\n<p>Mas algu\u00e9m n\u00e3o est\u00e1 a dizer tudo o que sabe sobre o dinheiro, o assassinato e a trai\u00e7\u00e3o. A verdade tem sempre uma maneira de vir ao de cima, e h\u00e1 quem esteja disposto a matar para descobrir o que realmente aconteceu.<\/p>\n<p>Perigo, vingan\u00e7a, desejo e gan\u00e2ncia. Pleno de tens\u00e3o, o novo romance de Sandra Brown \u00e9 imposs\u00edvel de pousar!<\/p>\n<\/div>\n<\/div>\n<\/div>\n<\/div>\n<\/section>\n<section><strong>SINOPSE<\/strong><\/section>\n<section id=\"product_reviews\" class=\"col-xs-12\">A meio da noite, quatro homens realizam um assalto que lhes rende meio milh\u00e3o de d\u00f3lares. Ao raiar do dia, por\u00e9m, tudo se desmorona.<br \/>\nUm deles est\u00e1 no hospital.<br \/>\nOutro est\u00e1 na pris\u00e3o.<br \/>\nOutro perde a vida.<br \/>\nE o \u00faltimo\u2026 desaparece.Vinte anos depois, Arden Maxwell, a filha do homem que desapareceu sem deixar rasto, est\u00e1 cansada de viver ensombrada pelo passado e pela mem\u00f3ria de um pai que todos acreditam ter fugido cobardemente com o dinheiro. De regresso \u00e0 terra da fam\u00edlia ao fim de tanto tempo, ela est\u00e1 longe de saber, claro, que os c\u00famplices do pai est\u00e3o de olho nela.Mas algu\u00e9m n\u00e3o est\u00e1 a dizer tudo o que sabe sobre o dinheiro, o assassinato e a trai\u00e7\u00e3o. A verdade tem sempre uma maneira de vir ao de cima, e h\u00e1 quem esteja disposto a matar para descobrir o que realmente aconteceu.Perigo, vingan\u00e7a, desejo e gan\u00e2ncia. Pleno de tens\u00e3o, o novo romance de Sandra Brown \u00e9 imposs\u00edvel de pousar!<\/p>\n<div id=\"productPageSectionComments\" class=\"col-xs-12 section coments\">\n<div id=\"productPageSectionComments-title\" class=\"hidden-xs visible-sm visible-md visible-lg col-sm-12 col-lg-4 left-title\"><\/div>\n<\/div>\n<\/section>\n","protected":false},"featured_media":4250,"template":"","meta":{"_monsterinsights_skip_tracking":false,"_monsterinsights_sitenote_active":false,"_monsterinsights_sitenote_note":"","_monsterinsights_sitenote_category":0},"product_cat":[103,131],"product_tag":[],"class_list":{"0":"post-4249","1":"product","2":"type-product","3":"status-publish","4":"has-post-thumbnail","6":"product_cat-literatura","7":"product_cat-thriller","8":"pa_book-author-sandra-brown","10":"first","11":"outofstock","12":"shipping-taxable","13":"purchasable","14":"product-type-simple"},"_links":{"self":[{"href":"https:\/\/mabuko.co.mz\/site\/index.php?rest_route=\/wp\/v2\/product\/4249","targetHints":{"allow":["GET"]}}],"collection":[{"href":"https:\/\/mabuko.co.mz\/site\/index.php?rest_route=\/wp\/v2\/product"}],"about":[{"href":"https:\/\/mabuko.co.mz\/site\/index.php?rest_route=\/wp\/v2\/types\/product"}],"wp:featuredmedia":[{"embeddable":true,"href":"https:\/\/mabuko.co.mz\/site\/index.php?rest_route=\/wp\/v2\/media\/4250"}],"wp:attachment":[{"href":"https:\/\/mabuko.co.mz\/site\/index.php?rest_route=%2Fwp%2Fv2%2Fmedia&parent=4249"}],"wp:term":[{"taxonomy":"product_cat","embeddable":true,"href":"https:\/\/mabuko.co.mz\/site\/index.php?rest_route=%2Fwp%2Fv2%2Fproduct_cat&post=4249"},{"taxonomy":"product_tag","embeddable":true,"href":"https:\/\/mabuko.co.mz\/site\/index.php?rest_route=%2Fwp%2Fv2%2Fproduct_tag&post=4249"}],"curies":[{"name":"wp","href":"https:\/\/api.w.org\/{rel}","templated":true}]}}