{"id":4246,"date":"2022-06-23T14:31:04","date_gmt":"2022-06-23T14:31:04","guid":{"rendered":"https:\/\/mabuko.co.mz\/?post_type=product&#038;p=4246"},"modified":"2023-01-13T14:29:20","modified_gmt":"2023-01-13T14:29:20","slug":"aquele-beijo","status":"publish","type":"product","link":"https:\/\/mabuko.co.mz\/site\/?product=aquele-beijo","title":{"rendered":"AQUELE BEIJO"},"content":{"rendered":"<p>julia Quinn<\/p>\n<p>9789892332093<\/p>\n","protected":false},"excerpt":{"rendered":"<section id=\"product_about\" class=\"col-xs-12\">\n<div id=\"productPageSectionAboutBook\" class=\"col-xs-12 section\">\n<div id=\"productPageSectionAboutBook-collapseSobreLivro\" class=\"col-xs-12 col-lg-8 right-side collapse\">\n<div class=\"wells\">\n<div id=\"productPageSectionAboutBook-sinopseTitle\" class=\"right-title\">SINOPSE<\/div>\n<div id=\"productPageSectionAboutBook-sinopse\" class=\"right-text\">\n<p>Gareth St.Clair vive momentos dif\u00edceis. Ap\u00f3s a morte do irm\u00e3o, passa a ser o \u00fanico herdeiro da fortuna do pai. Infelizmente, o \u00f3dio deste por Gareth \u00e9 tanto que prefere desbaratar o seu patrim\u00f3nio a v\u00ea-lo nas m\u00e3os do filho. Resta-lhe como legado um velho di\u00e1rio, escrito pela av\u00f3 paterna, que poder\u00e1 conter os segredos do seu passado e a chave para o seu futuro. O \u00fanico problema \u00e9 que\u2026 o di\u00e1rio foi escrito em italiano, uma l\u00edngua que o jovem n\u00e3o domina de todo.<br \/>\nPor um golpe de sorte, Gareth conhece Hyacinth Bridgerton, a mais jovem menina do conhecido cl\u00e3, que nunca recusa um desafio, embora o seu italiano deixe muito a desejar. Al\u00e9m disso, Gareth intriga-a, pois parece estar sempre a rir-se dela.<br \/>\nJuntos, embrenham-se nas p\u00e1ginas do velho di\u00e1rio, mas aquilo que v\u00e3o descobrir transcende as palavras escritas em papel, e manifesta-se sob a forma de um simples &#8211; mas inesquec\u00edvel &#8211; beijo\u2026<\/p>\n<\/div>\n<\/div>\n<\/div>\n<\/div>\n<\/section>\n<section id=\"product_reviews\" class=\"col-xs-12\">\n<div id=\"productPageSectionComments\" class=\"col-xs-12 section coments\">\n<p><strong>SINOPSE<\/strong><\/p>\n<p>Gareth St.Clair vive momentos dif\u00edceis. Ap\u00f3s a morte do irm\u00e3o, passa a ser o \u00fanico herdeiro da fortuna do pai. Infelizmente, o \u00f3dio deste por Gareth \u00e9 tanto que prefere desbaratar o seu patrim\u00f3nio a v\u00ea-lo nas m\u00e3os do filho. Resta-lhe como legado um velho di\u00e1rio, escrito pela av\u00f3 paterna, que poder\u00e1 conter os segredos do seu passado e a chave para o seu futuro. O \u00fanico problema \u00e9 que\u2026 o di\u00e1rio foi escrito em italiano, uma l\u00edngua que o jovem n\u00e3o domina de todo.<br \/>\nPor um golpe de sorte, Gareth conhece Hyacinth Bridgerton, a mais jovem menina do conhecido cl\u00e3, que nunca recusa um desafio, embora o seu italiano deixe muito a desejar. Al\u00e9m disso, Gareth intriga-a, pois parece estar sempre a rir-se dela.<br \/>\nJuntos, embrenham-se nas p\u00e1ginas do velho di\u00e1rio, mas aquilo que v\u00e3o descobrir transcende as palavras escritas em papel, e manifesta-se sob a forma de um simples &#8211; mas inesquec\u00edvel &#8211; beijo\u2026<\/p>\n<\/div>\n<\/section>\n","protected":false},"featured_media":4247,"template":"","meta":{"_monsterinsights_skip_tracking":false,"_monsterinsights_sitenote_active":false,"_monsterinsights_sitenote_note":"","_monsterinsights_sitenote_category":0},"product_cat":[103,105],"product_tag":[],"class_list":{"0":"post-4246","1":"product","2":"type-product","3":"status-publish","4":"has-post-thumbnail","6":"product_cat-literatura","7":"product_cat-romance","8":"pa_book-author-julia-quinn","10":"first","11":"outofstock","12":"shipping-taxable","13":"purchasable","14":"product-type-simple"},"_links":{"self":[{"href":"https:\/\/mabuko.co.mz\/site\/index.php?rest_route=\/wp\/v2\/product\/4246","targetHints":{"allow":["GET"]}}],"collection":[{"href":"https:\/\/mabuko.co.mz\/site\/index.php?rest_route=\/wp\/v2\/product"}],"about":[{"href":"https:\/\/mabuko.co.mz\/site\/index.php?rest_route=\/wp\/v2\/types\/product"}],"wp:featuredmedia":[{"embeddable":true,"href":"https:\/\/mabuko.co.mz\/site\/index.php?rest_route=\/wp\/v2\/media\/4247"}],"wp:attachment":[{"href":"https:\/\/mabuko.co.mz\/site\/index.php?rest_route=%2Fwp%2Fv2%2Fmedia&parent=4246"}],"wp:term":[{"taxonomy":"product_cat","embeddable":true,"href":"https:\/\/mabuko.co.mz\/site\/index.php?rest_route=%2Fwp%2Fv2%2Fproduct_cat&post=4246"},{"taxonomy":"product_tag","embeddable":true,"href":"https:\/\/mabuko.co.mz\/site\/index.php?rest_route=%2Fwp%2Fv2%2Fproduct_tag&post=4246"}],"curies":[{"name":"wp","href":"https:\/\/api.w.org\/{rel}","templated":true}]}}