{"id":4240,"date":"2022-06-23T12:34:53","date_gmt":"2022-06-23T12:34:53","guid":{"rendered":"https:\/\/mabuko.co.mz\/?post_type=product&#038;p=4240"},"modified":"2023-01-13T14:08:22","modified_gmt":"2023-01-13T14:08:22","slug":"o-terceiro-gemeo","status":"publish","type":"product","link":"https:\/\/mabuko.co.mz\/site\/?product=o-terceiro-gemeo","title":{"rendered":"O TERCEIRO G\u00c9MEO"},"content":{"rendered":"","protected":false},"excerpt":{"rendered":"<div id=\"productPageSectionAboutBook-sinopseTitle\" class=\"right-title\"><strong>SINOPSE<\/strong><\/div>\n<div id=\"productPageSectionAboutBook-sinopse\" class=\"right-text\">\n<p>Ele poderia ser o seu amante, o seu amigo&#8230; ou o seu assassino.<\/p>\n<p>No decorrer do trabalho de investiga\u00e7\u00e3o que est\u00e1 a desenvolver no campo da gen\u00e9tica, a cientista Jeannie Ferrami depara-se com um mist\u00e9rio intrigante: Steve Logan e Dennis Pinker parecem ser g\u00e9meos id\u00eanticos , mas nasceram em dias diferentes, s\u00e3o filhos de m\u00e3es diferentes e parecem pertencer a mundos totalmente distintos: Steve \u00e9 estudante de Direito e Dennis \u00e9 um assassino condenado.<\/p>\n<p>O contacto pr\u00f3ximo com Steve leva a que Jeannie se apaixone por ele, acabando por se confrontar com amea\u00e7as ao seu futuro profissional e pessoal. Steve \u00e9 acusado de um crime terr\u00edvel, e Jeannie v\u00ea-se obrigada a questionar at\u00e9 que ponto ele e o irm\u00e3o s\u00e3o realmente diferentes. Juntos, ela e Steve investigam o mist\u00e9rio e come\u00e7am a p\u00f4r a descoberto segredos at\u00e9 ent\u00e3o ignorados. Mas h\u00e1 segredos que talvez seja melhor n\u00e3o revelar\u00bf.<\/p>\n<p>Uma hist\u00f3ria emocionante sobre um mal oculto,\u00a0<i>O Terceiro G\u00e9meo<\/i>\u00a0\u00e9 uma narrativa arrebatadora e arrepiante de Ken Follett, o mestre do suspense.<\/p>\n<\/div>\n","protected":false},"featured_media":4241,"template":"","meta":{"_monsterinsights_skip_tracking":false,"_monsterinsights_sitenote_active":false,"_monsterinsights_sitenote_note":"","_monsterinsights_sitenote_category":0},"product_cat":[103],"product_tag":[],"class_list":{"0":"post-4240","1":"product","2":"type-product","3":"status-publish","4":"has-post-thumbnail","6":"product_cat-literatura","7":"pa_book-author-ken-follett","9":"first","10":"outofstock","11":"shipping-taxable","12":"purchasable","13":"product-type-simple"},"_links":{"self":[{"href":"https:\/\/mabuko.co.mz\/site\/index.php?rest_route=\/wp\/v2\/product\/4240","targetHints":{"allow":["GET"]}}],"collection":[{"href":"https:\/\/mabuko.co.mz\/site\/index.php?rest_route=\/wp\/v2\/product"}],"about":[{"href":"https:\/\/mabuko.co.mz\/site\/index.php?rest_route=\/wp\/v2\/types\/product"}],"wp:featuredmedia":[{"embeddable":true,"href":"https:\/\/mabuko.co.mz\/site\/index.php?rest_route=\/wp\/v2\/media\/4241"}],"wp:attachment":[{"href":"https:\/\/mabuko.co.mz\/site\/index.php?rest_route=%2Fwp%2Fv2%2Fmedia&parent=4240"}],"wp:term":[{"taxonomy":"product_cat","embeddable":true,"href":"https:\/\/mabuko.co.mz\/site\/index.php?rest_route=%2Fwp%2Fv2%2Fproduct_cat&post=4240"},{"taxonomy":"product_tag","embeddable":true,"href":"https:\/\/mabuko.co.mz\/site\/index.php?rest_route=%2Fwp%2Fv2%2Fproduct_tag&post=4240"}],"curies":[{"name":"wp","href":"https:\/\/api.w.org\/{rel}","templated":true}]}}