{"id":4235,"date":"2022-06-23T11:57:30","date_gmt":"2022-06-23T11:57:30","guid":{"rendered":"https:\/\/mabuko.co.mz\/?post_type=product&#038;p=4235"},"modified":"2023-01-13T14:09:01","modified_gmt":"2023-01-13T14:09:01","slug":"o-diario-de-um-banana-2-o-rodrick-e-terrivel","status":"publish","type":"product","link":"https:\/\/mabuko.co.mz\/site\/?product=o-diario-de-um-banana-2-o-rodrick-e-terrivel","title":{"rendered":"O Di\u00e1rio de um Banana 2 O Rodrick \u00e9 terrivel"},"content":{"rendered":"<blockquote><p>Jeff Kinney<\/p>\n<p>9789896680060<\/p><\/blockquote>\n","protected":false},"excerpt":{"rendered":"<div id=\"productPageSectionAboutBook-sinopseTitle\" class=\"right-title\" style=\"text-align: left;\"><strong>SINOPSE<\/strong><\/div>\n<div><\/div>\n<div id=\"productPageSectionAboutBook-sinopse\" class=\"right-text\">\n<p>\u00ab Fa\u00e7a o que fizer, n\u00e3o pergunte a Greg Heffley como passou as f\u00e9rias de ver\u00e3o, porque ele n\u00e3o quer mesmo falar nisso. Ao entrar no novo ano escolar, Greg s\u00f3 quer p\u00f4r os tr\u00eas meses anteriores para tr\u00e1s das costas. Em especial um certo epis\u00f3dio\u2026 Infelizmente para Greg, o seu irm\u00e3o mais velho, Rodrick, sabe tudo acerca do epis\u00f3dio que Greg est\u00e1 a tentar manter em segredo. Mas \u00e9 dif\u00edcil manter um segredo\u2026 especialmente quando h\u00e1 um di\u00e1rio envolvido.\u00bb<\/p>\n<p>Este livro \u00e9 o 2.\u00ba volume da s\u00e9rie O Di\u00e1rio de um Banana, a cole\u00e7\u00e3o infantojuvenil mais vendida em Portugal.<\/p>\n<\/div>\n","protected":false},"featured_media":4236,"template":"","meta":{"_monsterinsights_skip_tracking":false,"_monsterinsights_sitenote_active":false,"_monsterinsights_sitenote_note":"","_monsterinsights_sitenote_category":0},"product_cat":[135],"product_tag":[],"class_list":{"0":"post-4235","1":"product","2":"type-product","3":"status-publish","4":"has-post-thumbnail","6":"product_cat-infantil","7":"pa_book-author-jeff-kinney","9":"first","10":"outofstock","11":"shipping-taxable","12":"purchasable","13":"product-type-simple"},"_links":{"self":[{"href":"https:\/\/mabuko.co.mz\/site\/index.php?rest_route=\/wp\/v2\/product\/4235","targetHints":{"allow":["GET"]}}],"collection":[{"href":"https:\/\/mabuko.co.mz\/site\/index.php?rest_route=\/wp\/v2\/product"}],"about":[{"href":"https:\/\/mabuko.co.mz\/site\/index.php?rest_route=\/wp\/v2\/types\/product"}],"wp:featuredmedia":[{"embeddable":true,"href":"https:\/\/mabuko.co.mz\/site\/index.php?rest_route=\/wp\/v2\/media\/4236"}],"wp:attachment":[{"href":"https:\/\/mabuko.co.mz\/site\/index.php?rest_route=%2Fwp%2Fv2%2Fmedia&parent=4235"}],"wp:term":[{"taxonomy":"product_cat","embeddable":true,"href":"https:\/\/mabuko.co.mz\/site\/index.php?rest_route=%2Fwp%2Fv2%2Fproduct_cat&post=4235"},{"taxonomy":"product_tag","embeddable":true,"href":"https:\/\/mabuko.co.mz\/site\/index.php?rest_route=%2Fwp%2Fv2%2Fproduct_tag&post=4235"}],"curies":[{"name":"wp","href":"https:\/\/api.w.org\/{rel}","templated":true}]}}