{"id":4223,"date":"2022-06-23T08:44:57","date_gmt":"2022-06-23T08:44:57","guid":{"rendered":"https:\/\/mabuko.co.mz\/?post_type=product&#038;p=4223"},"modified":"2025-04-23T13:28:51","modified_gmt":"2025-04-23T13:28:51","slug":"as-cronicas","status":"publish","type":"product","link":"https:\/\/mabuko.co.mz\/site\/?product=as-cronicas","title":{"rendered":"AS CR\u00d3NICAS"},"content":{"rendered":"","protected":false},"excerpt":{"rendered":"<div id=\"productPageSectionAboutBook-sinopseTitle\" class=\"right-title\"><strong>SINOPSE<\/strong><\/div>\n<div id=\"productPageSectionAboutBook-sinopse\" class=\"right-text\">\n<p>As cr\u00f3nicas reunidas no presente volume resultam de uma selec\u00e7\u00e3o feita a partir de mais de quatrocentos textos publicados pelas Publica\u00e7\u00f5es Dom Quixote em cinco volumes independentes entre 1998 e 2013. Inclui tamb\u00e9m uma selec\u00e7\u00e3o de cr\u00f3nicas in\u00e9ditas em livro.<\/p>\n<p>Numa escrita mais intimista do que a dos seus romances, as cr\u00f3nicas de Ant\u00f3nio Lobo Antunes abordam uma vast\u00edssima pan\u00f3plia de temas que incluem n\u00e3o s\u00f3 a inf\u00e2ncia, a fam\u00edlia, as mulheres, os amigos, os amores e os desamores, a vida e a morte, mas tamb\u00e9m relatos sobre pessoas an\u00f3nimas encontradas ocasionalmente, apontamentos de viagem ou sobre pequenos restaurantes de bairro e, como n\u00e3o podia faltar, algumas notas sobre a escrita e os livros.<\/p>\n<p>Com esta selec\u00e7\u00e3o de quase duas centenas de textos, pretendeu-se oferecer ao leitor uma amostra realmente abrangente da versatilidade e do talento de Ant\u00f3nio Lobo Antunes como cronista.<\/p>\n<\/div>\n","protected":false},"featured_media":4225,"template":"","meta":{"_monsterinsights_skip_tracking":false,"_monsterinsights_sitenote_active":false,"_monsterinsights_sitenote_note":"","_monsterinsights_sitenote_category":0},"product_cat":[178,103],"product_tag":[],"class_list":{"0":"post-4223","1":"product","2":"type-product","3":"status-publish","4":"has-post-thumbnail","6":"product_cat-cronicas","7":"product_cat-literatura","8":"pa_book-author-antonio-lobo-antunes","10":"first","11":"outofstock","12":"shipping-taxable","13":"purchasable","14":"product-type-simple"},"_links":{"self":[{"href":"https:\/\/mabuko.co.mz\/site\/index.php?rest_route=\/wp\/v2\/product\/4223","targetHints":{"allow":["GET"]}}],"collection":[{"href":"https:\/\/mabuko.co.mz\/site\/index.php?rest_route=\/wp\/v2\/product"}],"about":[{"href":"https:\/\/mabuko.co.mz\/site\/index.php?rest_route=\/wp\/v2\/types\/product"}],"wp:featuredmedia":[{"embeddable":true,"href":"https:\/\/mabuko.co.mz\/site\/index.php?rest_route=\/wp\/v2\/media\/4225"}],"wp:attachment":[{"href":"https:\/\/mabuko.co.mz\/site\/index.php?rest_route=%2Fwp%2Fv2%2Fmedia&parent=4223"}],"wp:term":[{"taxonomy":"product_cat","embeddable":true,"href":"https:\/\/mabuko.co.mz\/site\/index.php?rest_route=%2Fwp%2Fv2%2Fproduct_cat&post=4223"},{"taxonomy":"product_tag","embeddable":true,"href":"https:\/\/mabuko.co.mz\/site\/index.php?rest_route=%2Fwp%2Fv2%2Fproduct_tag&post=4223"}],"curies":[{"name":"wp","href":"https:\/\/api.w.org\/{rel}","templated":true}]}}