{"id":4221,"date":"2022-06-23T08:32:21","date_gmt":"2022-06-23T08:32:21","guid":{"rendered":"https:\/\/mabuko.co.mz\/?post_type=product&#038;p=4221"},"modified":"2022-08-16T09:45:32","modified_gmt":"2022-08-16T09:45:32","slug":"a-ordem","status":"publish","type":"product","link":"https:\/\/mabuko.co.mz\/site\/?product=a-ordem","title":{"rendered":"A ORDEM"},"content":{"rendered":"","protected":false},"excerpt":{"rendered":"<div id=\"productPageSectionAboutBook-sinopseTitle\" class=\"right-title\"><strong>SINOPSE<\/strong><\/div>\n<div id=\"productPageSectionAboutBook-sinopse\" class=\"right-text\">\n<p>Gabriel Allon est\u00e1 a passar umas discretas e muito necess\u00e1rias f\u00e9rias familiares em Veneza. O seu sossego \u00e9 interrompido quando o papa Paulo VII morre de forma inesperada e o leal secret\u00e1rio pessoal do Santo Padre, o arcebispo Luigi Donati, chama Gabriel a Roma.<\/p>\n<p>Mil milh\u00f5es de cat\u00f3licos foram informados de que a morte do papa se ficou a dever a um ataque card\u00edaco. Contudo, Donati tem duas boas raz\u00f5es para pensar que o Sumo Pont\u00edfice foi assassinado. A primeira \u00e9 o estranho desaparecimento do guarda su\u00ed\u00e7o que nessa noite estava de servi\u00e7o nos aposentos pontif\u00edcios. A segunda, a carta que o Santo Padre estava a escrever nas suas derradeiras horas de vida uma carta dirigida a Gabriel.<\/p>\n<p>\u00abEnquanto pesquisava no Arquivo Secreto do Vaticano, deparei-me com um livro absolutamente not\u00e1vel\u00bb O livro em quest\u00e3o \u00e9 um Evangelho h\u00e1 muito suprimido, um Evangelho que questiona a precis\u00e3o da imagem dada pelo Novo Testamento de um dos acontecimentos mais prodigiosos da hist\u00f3ria da Humanidade.<\/p>\n<p>Por essa raz\u00e3o, a Ordem de Santa Helena uma obscura sociedade cat\u00f3lica com liga\u00e7\u00f5es \u00e0 extrema-direita europeia n\u00e3o se deter\u00e1 perante nada para evitar que caia nas m\u00e3os de Gabriel. Em paralelo, conspiram para se apropriarem do trono de S\u00e3o Pedro. E isso \u00e9 apenas a ponta do icebergue.<\/p>\n<p>\u00c0 medida que, em Roma, os cardeais se v\u00e3o reunindo para o conclave, Gabriel embrenha-se numa investiga\u00e7\u00e3o desesperada para reunir provas da conspira\u00e7\u00e3o da Ordem e para encontrar o Evangelho h\u00e1 muito desaparecido que poderia p\u00f4r termo a dois mil anos de \u00f3dio mortal.<\/p>\n<p>O ritmo e eleg\u00e2ncia de\u00a0<i>A Ordem<\/i>\u00a0prender\u00e1 os leitores desde o princ\u00edpio at\u00e9 a um fim de cortar a respira\u00e7\u00e3o. \u00c9 um romance de amizade e f\u00e9 num mundo perigoso e repleto de incertezas. \u00c9 a mais recente constata\u00e7\u00e3o de que Daniel Silva \u00e9 o melhor escritor de suspense internacional da sua gera\u00e7\u00e3o.<\/p>\n<\/div>\n","protected":false},"featured_media":4222,"template":"","meta":{"_monsterinsights_skip_tracking":false,"_monsterinsights_sitenote_active":false,"_monsterinsights_sitenote_note":"","_monsterinsights_sitenote_category":0},"product_cat":[103],"product_tag":[],"class_list":{"0":"post-4221","1":"product","2":"type-product","3":"status-publish","4":"has-post-thumbnail","6":"product_cat-literatura","7":"pa_book-author-daniel-silva","9":"first","10":"outofstock","11":"shipping-taxable","12":"purchasable","13":"product-type-simple"},"_links":{"self":[{"href":"https:\/\/mabuko.co.mz\/site\/index.php?rest_route=\/wp\/v2\/product\/4221","targetHints":{"allow":["GET"]}}],"collection":[{"href":"https:\/\/mabuko.co.mz\/site\/index.php?rest_route=\/wp\/v2\/product"}],"about":[{"href":"https:\/\/mabuko.co.mz\/site\/index.php?rest_route=\/wp\/v2\/types\/product"}],"wp:featuredmedia":[{"embeddable":true,"href":"https:\/\/mabuko.co.mz\/site\/index.php?rest_route=\/wp\/v2\/media\/4222"}],"wp:attachment":[{"href":"https:\/\/mabuko.co.mz\/site\/index.php?rest_route=%2Fwp%2Fv2%2Fmedia&parent=4221"}],"wp:term":[{"taxonomy":"product_cat","embeddable":true,"href":"https:\/\/mabuko.co.mz\/site\/index.php?rest_route=%2Fwp%2Fv2%2Fproduct_cat&post=4221"},{"taxonomy":"product_tag","embeddable":true,"href":"https:\/\/mabuko.co.mz\/site\/index.php?rest_route=%2Fwp%2Fv2%2Fproduct_tag&post=4221"}],"curies":[{"name":"wp","href":"https:\/\/api.w.org\/{rel}","templated":true}]}}