{"id":4212,"date":"2022-06-23T07:37:20","date_gmt":"2022-06-23T07:37:20","guid":{"rendered":"https:\/\/mabuko.co.mz\/?post_type=product&#038;p=4212"},"modified":"2022-12-20T12:44:08","modified_gmt":"2022-12-20T12:44:08","slug":"prometo-amar","status":"publish","type":"product","link":"https:\/\/mabuko.co.mz\/site\/?product=prometo-amar","title":{"rendered":"PROMETO AMAR"},"content":{"rendered":"<p>Pedro Chagas Freitas<\/p>\n<p>9789898886378<\/p>\n","protected":false},"excerpt":{"rendered":"<p><strong>SINOPSE<\/strong><\/p>\n<p>O Novo Livro da Saga Prometo Promete que vais errar. Promete que vais cair. Promete que nunca ser\u00e1s o mesmo, exactamente o mesmo, de cada vez que a vida te passar \u00e0 frente. Promete que vais arriscar, promete que vais sentir. Promete que vais mexer-te, todos os dias, como um louco, a caminho do que desejas, a caminho do que desesperadamente te faz dan\u00e7ar, saltar, rir &#8211; ou at\u00e9 chorar, penar. O importante da vida, parecendo uma redund\u00e2ncia, \u00e9 estar vivo. Todos o sabem, tu tamb\u00e9m o sabes. Ent\u00e3o porque raios ainda est\u00e1s parado a ler isto? V\u00e1: mexe-te. Promete amar<\/p>\n","protected":false},"featured_media":4213,"template":"","meta":{"_monsterinsights_skip_tracking":false,"_monsterinsights_sitenote_active":false,"_monsterinsights_sitenote_note":"","_monsterinsights_sitenote_category":0},"product_cat":[103,105],"product_tag":[],"class_list":{"0":"post-4212","1":"product","2":"type-product","3":"status-publish","4":"has-post-thumbnail","6":"product_cat-literatura","7":"product_cat-romance","8":"pa_book-author-pedro-chagas-freitas","10":"first","11":"instock","12":"shipping-taxable","13":"purchasable","14":"product-type-simple"},"_links":{"self":[{"href":"https:\/\/mabuko.co.mz\/site\/index.php?rest_route=\/wp\/v2\/product\/4212","targetHints":{"allow":["GET"]}}],"collection":[{"href":"https:\/\/mabuko.co.mz\/site\/index.php?rest_route=\/wp\/v2\/product"}],"about":[{"href":"https:\/\/mabuko.co.mz\/site\/index.php?rest_route=\/wp\/v2\/types\/product"}],"wp:featuredmedia":[{"embeddable":true,"href":"https:\/\/mabuko.co.mz\/site\/index.php?rest_route=\/wp\/v2\/media\/4213"}],"wp:attachment":[{"href":"https:\/\/mabuko.co.mz\/site\/index.php?rest_route=%2Fwp%2Fv2%2Fmedia&parent=4212"}],"wp:term":[{"taxonomy":"product_cat","embeddable":true,"href":"https:\/\/mabuko.co.mz\/site\/index.php?rest_route=%2Fwp%2Fv2%2Fproduct_cat&post=4212"},{"taxonomy":"product_tag","embeddable":true,"href":"https:\/\/mabuko.co.mz\/site\/index.php?rest_route=%2Fwp%2Fv2%2Fproduct_tag&post=4212"}],"curies":[{"name":"wp","href":"https:\/\/api.w.org\/{rel}","templated":true}]}}