{"id":4209,"date":"2022-06-23T07:30:02","date_gmt":"2022-06-23T07:30:02","guid":{"rendered":"https:\/\/mabuko.co.mz\/?post_type=product&#038;p=4209"},"modified":"2023-01-13T14:13:34","modified_gmt":"2023-01-13T14:13:34","slug":"se-me-amas-nao-te-demores","status":"publish","type":"product","link":"https:\/\/mabuko.co.mz\/site\/?product=se-me-amas-nao-te-demores","title":{"rendered":"SE ME AMAS N\u00c3O TE DEMORES"},"content":{"rendered":"<div id=\"productPageSectionAboutBook-sinopse\" class=\"right-text\">\n<p>Raul minh&#8217;Alma<\/p>\n<p>9789899087088<\/p>\n<\/div>\n","protected":false},"excerpt":{"rendered":"<div id=\"productPageSectionAboutBook-sinopseTitle\" class=\"right-title\"><strong>SINOPSE<\/strong><\/div>\n<div id=\"productPageSectionAboutBook-sinopse\" class=\"right-text\">\n<p><i>O tempo passa a correr.<\/i>\u00a0Ouvimos esta frase desde sempre mas, para Salvador, \u00e9 literalmente o que acontece. Ainda muito novo, foi diagnosticado com uma condi\u00e7\u00e3o gen\u00e9tica rara que o faz envelhecer muito mais depressa do que o normal. Por isso, cada momento que vive \u00e9 ainda mais intenso e cada segundo, ainda mais precioso.<\/p>\n<p>Linda, por seu lado, est\u00e1 estagnada no tempo. M\u00e3e solteira, professora, vive para o filho Francisco e para o trabalho. Cada dia \u00e9 apenas mais um dia e as suas vontades est\u00e3o sempre em segundo plano.<\/p>\n<p>O destino parece querer juntar Linda e Salvador, mas pode o amor resistir \u00e0 velocidade do tempo? Ser\u00e1 a rela\u00e7\u00e3o deles suficientemente forte para aguentar ritmos de vida t\u00e3o distintos?<\/p>\n<p>Raul Minhalma, o escritor mais vendido em Portugal em 2020 e autor do livro mais vendido em 2019, traz-nos uma nova e inesquec\u00edvel\u00a0hist\u00f3ria de amor que vai mostrar a import\u00e2ncia de viver no momento presente.<\/p>\n<\/div>\n","protected":false},"featured_media":4211,"template":"","meta":{"_monsterinsights_skip_tracking":false,"_monsterinsights_sitenote_active":false,"_monsterinsights_sitenote_note":"","_monsterinsights_sitenote_category":0},"product_cat":[103,105],"product_tag":[],"class_list":{"0":"post-4209","1":"product","2":"type-product","3":"status-publish","4":"has-post-thumbnail","6":"product_cat-literatura","7":"product_cat-romance","8":"pa_book-author-raul-minhalma","10":"first","11":"outofstock","12":"shipping-taxable","13":"purchasable","14":"product-type-simple"},"_links":{"self":[{"href":"https:\/\/mabuko.co.mz\/site\/index.php?rest_route=\/wp\/v2\/product\/4209","targetHints":{"allow":["GET"]}}],"collection":[{"href":"https:\/\/mabuko.co.mz\/site\/index.php?rest_route=\/wp\/v2\/product"}],"about":[{"href":"https:\/\/mabuko.co.mz\/site\/index.php?rest_route=\/wp\/v2\/types\/product"}],"wp:featuredmedia":[{"embeddable":true,"href":"https:\/\/mabuko.co.mz\/site\/index.php?rest_route=\/wp\/v2\/media\/4211"}],"wp:attachment":[{"href":"https:\/\/mabuko.co.mz\/site\/index.php?rest_route=%2Fwp%2Fv2%2Fmedia&parent=4209"}],"wp:term":[{"taxonomy":"product_cat","embeddable":true,"href":"https:\/\/mabuko.co.mz\/site\/index.php?rest_route=%2Fwp%2Fv2%2Fproduct_cat&post=4209"},{"taxonomy":"product_tag","embeddable":true,"href":"https:\/\/mabuko.co.mz\/site\/index.php?rest_route=%2Fwp%2Fv2%2Fproduct_tag&post=4209"}],"curies":[{"name":"wp","href":"https:\/\/api.w.org\/{rel}","templated":true}]}}