{"id":4207,"date":"2022-06-23T07:12:25","date_gmt":"2022-06-23T07:12:25","guid":{"rendered":"https:\/\/mabuko.co.mz\/?post_type=product&#038;p=4207"},"modified":"2023-01-13T14:14:29","modified_gmt":"2023-01-13T14:14:29","slug":"o-poder","status":"publish","type":"product","link":"https:\/\/mabuko.co.mz\/site\/?product=o-poder","title":{"rendered":"O PODER"},"content":{"rendered":"<p>Ronda Byrne<\/p>\n<p>9789892310725<\/p>\n","protected":false},"excerpt":{"rendered":"<div id=\"productPageSectionAboutBook-sinopseTitle\" class=\"right-title\"><strong>SINOPSE<\/strong><\/div>\n<div id=\"productPageSectionAboutBook-sinopse\" class=\"right-text\">\n<p>Este \u00e9 o guia para o maior poder do universo &#8211; O Poder para ter tudo o que deseja. Sem O Poder voc\u00ea n\u00e3o teria nascido. Sem O Poder n\u00e3o haveria um \u00fanico ser humano \u00e0 face do planeta. Cada nova descoberta, inven\u00e7\u00e3o e cria\u00e7\u00e3o humana procede d\u2019O Poder. Uma sa\u00fade perfeita, rela\u00e7\u00f5es fant\u00e1sticas, uma carreira gratificante, uma vida repleta de felicidade, e todo o dinheiro de que precisa para ser, fazer e ter tudo o que deseja, tudo isso emana d\u2019O Poder. \u00a0A vida com que sempre sonhou est\u00e1 mais perto de si do que pensa. Porque O Poder de alcan\u00e7ar tudo o que a vida tem de bom para lhe oferecer vem de dentro de si. \u00a0Para criar seja o que for, para mudar seja o que for, \u00e9 preciso apenas uma coisa\u2026 O PODER.<\/p>\n<\/div>\n","protected":false},"featured_media":4208,"template":"","meta":{"_monsterinsights_skip_tracking":false,"_monsterinsights_sitenote_active":false,"_monsterinsights_sitenote_note":"","_monsterinsights_sitenote_category":0},"product_cat":[108],"product_tag":[],"class_list":{"0":"post-4207","1":"product","2":"type-product","3":"status-publish","4":"has-post-thumbnail","6":"product_cat-auto-ajuda","7":"pa_book-author-rhonda-byrne","9":"first","10":"outofstock","11":"shipping-taxable","12":"purchasable","13":"product-type-simple"},"_links":{"self":[{"href":"https:\/\/mabuko.co.mz\/site\/index.php?rest_route=\/wp\/v2\/product\/4207","targetHints":{"allow":["GET"]}}],"collection":[{"href":"https:\/\/mabuko.co.mz\/site\/index.php?rest_route=\/wp\/v2\/product"}],"about":[{"href":"https:\/\/mabuko.co.mz\/site\/index.php?rest_route=\/wp\/v2\/types\/product"}],"wp:featuredmedia":[{"embeddable":true,"href":"https:\/\/mabuko.co.mz\/site\/index.php?rest_route=\/wp\/v2\/media\/4208"}],"wp:attachment":[{"href":"https:\/\/mabuko.co.mz\/site\/index.php?rest_route=%2Fwp%2Fv2%2Fmedia&parent=4207"}],"wp:term":[{"taxonomy":"product_cat","embeddable":true,"href":"https:\/\/mabuko.co.mz\/site\/index.php?rest_route=%2Fwp%2Fv2%2Fproduct_cat&post=4207"},{"taxonomy":"product_tag","embeddable":true,"href":"https:\/\/mabuko.co.mz\/site\/index.php?rest_route=%2Fwp%2Fv2%2Fproduct_tag&post=4207"}],"curies":[{"name":"wp","href":"https:\/\/api.w.org\/{rel}","templated":true}]}}