{"id":4205,"date":"2022-06-23T07:04:02","date_gmt":"2022-06-23T07:04:02","guid":{"rendered":"https:\/\/mabuko.co.mz\/?post_type=product&#038;p=4205"},"modified":"2025-04-23T13:22:22","modified_gmt":"2025-04-23T13:22:22","slug":"na-berma-de-nenhuma-estrada-e-outros-contos","status":"publish","type":"product","link":"https:\/\/mabuko.co.mz\/site\/?product=na-berma-de-nenhuma-estrada-e-outros-contos","title":{"rendered":"NA BERMA DE NENHUMA ESTRADA E OUTROS CONTOS"},"content":{"rendered":"","protected":false},"excerpt":{"rendered":"<p><strong>SINOPSE<\/strong><\/p>\n<p>Cada novo encontro com a sua escrita significa uma viagem a que n\u00e3o apetece p\u00f4r termo. A intensidade das personagens, a multiplicidade de registos, a coexist\u00eancia do fant\u00e1stico e do sobrenatural com a tradi\u00e7\u00e3o, a cultura e a viv\u00eancia do dia a dia, a capacidade de efabula\u00e7\u00e3o e a oralidade que transforma a palavra escrita em puro som, s\u00e3o portos a que acostamos e que nunca desvendamos por completo. Mergulhemos, ent\u00e3o, profundamente nas \u00e1guas \u00e0s vezes, tranquilas outras, do imagin\u00e1rio inesgot\u00e1vel de Mia Couto. Re\u00fanem-se aqui trinta e oito contos que se encontravam dispersos em jornais e revistas.<\/p>\n","protected":false},"featured_media":4206,"template":"","meta":{"_monsterinsights_skip_tracking":false,"_monsterinsights_sitenote_active":false,"_monsterinsights_sitenote_note":"","_monsterinsights_sitenote_category":0},"product_cat":[103],"product_tag":[],"class_list":{"0":"post-4205","1":"product","2":"type-product","3":"status-publish","4":"has-post-thumbnail","6":"product_cat-literatura","7":"pa_book-author-mia-couto","9":"first","10":"outofstock","11":"shipping-taxable","12":"purchasable","13":"product-type-simple"},"_links":{"self":[{"href":"https:\/\/mabuko.co.mz\/site\/index.php?rest_route=\/wp\/v2\/product\/4205","targetHints":{"allow":["GET"]}}],"collection":[{"href":"https:\/\/mabuko.co.mz\/site\/index.php?rest_route=\/wp\/v2\/product"}],"about":[{"href":"https:\/\/mabuko.co.mz\/site\/index.php?rest_route=\/wp\/v2\/types\/product"}],"wp:featuredmedia":[{"embeddable":true,"href":"https:\/\/mabuko.co.mz\/site\/index.php?rest_route=\/wp\/v2\/media\/4206"}],"wp:attachment":[{"href":"https:\/\/mabuko.co.mz\/site\/index.php?rest_route=%2Fwp%2Fv2%2Fmedia&parent=4205"}],"wp:term":[{"taxonomy":"product_cat","embeddable":true,"href":"https:\/\/mabuko.co.mz\/site\/index.php?rest_route=%2Fwp%2Fv2%2Fproduct_cat&post=4205"},{"taxonomy":"product_tag","embeddable":true,"href":"https:\/\/mabuko.co.mz\/site\/index.php?rest_route=%2Fwp%2Fv2%2Fproduct_tag&post=4205"}],"curies":[{"name":"wp","href":"https:\/\/api.w.org\/{rel}","templated":true}]}}