{"id":4200,"date":"2022-06-22T15:12:56","date_gmt":"2022-06-22T15:12:56","guid":{"rendered":"https:\/\/mabuko.co.mz\/?post_type=product&#038;p=4200"},"modified":"2025-04-23T13:23:07","modified_gmt":"2025-04-23T13:23:07","slug":"causas-da-morte-dos-reis-de-portugal","status":"publish","type":"product","link":"https:\/\/mabuko.co.mz\/site\/?product=causas-da-morte-dos-reis-de-portugal","title":{"rendered":"CAUSAS DA MORTE DOS REIS DE PORTUGAL"},"content":{"rendered":"","protected":false},"excerpt":{"rendered":"<p><strong>SINOPSE <\/strong><\/p>\n<p>Nem sempre \u00e9 poss\u00edvel encontrar elementos hist\u00f3ricos para concluir da causa de morte dos Reis de Portugal. H\u00e1 que ter em linha de conta que a Monarquia portuguesa estendeu-se por quase nove s\u00e9culos, que os registos nem sempre foram cuidados e, por vezes, perderam.se nas brumas do tempo.<\/p>\n","protected":false},"featured_media":5007,"template":"","meta":{"_monsterinsights_skip_tracking":false,"_monsterinsights_sitenote_active":false,"_monsterinsights_sitenote_note":"","_monsterinsights_sitenote_category":0},"product_cat":[102],"product_tag":[],"class_list":{"0":"post-4200","1":"product","2":"type-product","3":"status-publish","4":"has-post-thumbnail","6":"product_cat-livros-tecnicos","7":"pa_book-author-armando-moreno","9":"first","10":"outofstock","11":"shipping-taxable","12":"purchasable","13":"product-type-simple"},"_links":{"self":[{"href":"https:\/\/mabuko.co.mz\/site\/index.php?rest_route=\/wp\/v2\/product\/4200","targetHints":{"allow":["GET"]}}],"collection":[{"href":"https:\/\/mabuko.co.mz\/site\/index.php?rest_route=\/wp\/v2\/product"}],"about":[{"href":"https:\/\/mabuko.co.mz\/site\/index.php?rest_route=\/wp\/v2\/types\/product"}],"wp:featuredmedia":[{"embeddable":true,"href":"https:\/\/mabuko.co.mz\/site\/index.php?rest_route=\/wp\/v2\/media\/5007"}],"wp:attachment":[{"href":"https:\/\/mabuko.co.mz\/site\/index.php?rest_route=%2Fwp%2Fv2%2Fmedia&parent=4200"}],"wp:term":[{"taxonomy":"product_cat","embeddable":true,"href":"https:\/\/mabuko.co.mz\/site\/index.php?rest_route=%2Fwp%2Fv2%2Fproduct_cat&post=4200"},{"taxonomy":"product_tag","embeddable":true,"href":"https:\/\/mabuko.co.mz\/site\/index.php?rest_route=%2Fwp%2Fv2%2Fproduct_tag&post=4200"}],"curies":[{"name":"wp","href":"https:\/\/api.w.org\/{rel}","templated":true}]}}