{"id":4198,"date":"2022-06-22T14:59:36","date_gmt":"2022-06-22T14:59:36","guid":{"rendered":"https:\/\/mabuko.co.mz\/?post_type=product&#038;p=4198"},"modified":"2023-01-13T14:17:03","modified_gmt":"2023-01-13T14:17:03","slug":"karma-e-o-caminho-para-a-felicidade","status":"publish","type":"product","link":"https:\/\/mabuko.co.mz\/site\/?product=karma-e-o-caminho-para-a-felicidade","title":{"rendered":"KARMA E O CAMINHO PARA A FELICIDADE"},"content":{"rendered":"<p>Cristina Candeias<\/p>\n<p>9789897544682<\/p>\n","protected":false},"excerpt":{"rendered":"<div id=\"productPageSectionAboutBook-sinopseTitle\" class=\"right-title\"><strong>SINOPSE<\/strong><\/div>\n<div id=\"productPageSectionAboutBook-sinopse\" class=\"right-text\">\n<p>Este livro \u00e9 uma ferramenta para ajudar o leitor a encontrar respostas na astrologia k\u00e1rmica que facilitem a resolu\u00e7\u00e3o de problemas emocionais, comportamentais e sociais. Ir\u00e1 auxili\u00e1-lo a descobrir o seu caminho no interior desse labirinto k\u00e1rmico.<\/p>\n<p>\u00c9 um trabalho dif\u00edcil, mas reconfortante, porque permite desenvolver o autoconhecimento. Quanto mais conhecimento tivermos sobre os processos alqu\u00edmicos de transforma\u00e7\u00e3o da dor, mais despertos e conscientes estaremos e maior ser\u00e1 o nosso potencial de crescimento e evolu\u00e7\u00e3o.<\/p>\n<p>Por vezes, n\u00e3o conseguimos vislumbrar que o problema causado pela dor \u00e9 t\u00e3o-s\u00f3 uma oportunidade de transforma\u00e7\u00e3o. Contudo, est\u00e1 nas nossas m\u00e3os quebrar este ciclo. Para podermos evoluir, \u00e9 necess\u00e1rio aceitar e compreender a dor e (re)descobrir o nosso lado mais forte.<\/p>\n<\/div>\n","protected":false},"featured_media":4199,"template":"","meta":{"_monsterinsights_skip_tracking":false,"_monsterinsights_sitenote_active":false,"_monsterinsights_sitenote_note":"","_monsterinsights_sitenote_category":0},"product_cat":[108],"product_tag":[],"class_list":{"0":"post-4198","1":"product","2":"type-product","3":"status-publish","4":"has-post-thumbnail","6":"product_cat-auto-ajuda","7":"pa_book-author-cristina-candeias","9":"first","10":"outofstock","11":"shipping-taxable","12":"purchasable","13":"product-type-simple"},"_links":{"self":[{"href":"https:\/\/mabuko.co.mz\/site\/index.php?rest_route=\/wp\/v2\/product\/4198","targetHints":{"allow":["GET"]}}],"collection":[{"href":"https:\/\/mabuko.co.mz\/site\/index.php?rest_route=\/wp\/v2\/product"}],"about":[{"href":"https:\/\/mabuko.co.mz\/site\/index.php?rest_route=\/wp\/v2\/types\/product"}],"wp:featuredmedia":[{"embeddable":true,"href":"https:\/\/mabuko.co.mz\/site\/index.php?rest_route=\/wp\/v2\/media\/4199"}],"wp:attachment":[{"href":"https:\/\/mabuko.co.mz\/site\/index.php?rest_route=%2Fwp%2Fv2%2Fmedia&parent=4198"}],"wp:term":[{"taxonomy":"product_cat","embeddable":true,"href":"https:\/\/mabuko.co.mz\/site\/index.php?rest_route=%2Fwp%2Fv2%2Fproduct_cat&post=4198"},{"taxonomy":"product_tag","embeddable":true,"href":"https:\/\/mabuko.co.mz\/site\/index.php?rest_route=%2Fwp%2Fv2%2Fproduct_tag&post=4198"}],"curies":[{"name":"wp","href":"https:\/\/api.w.org\/{rel}","templated":true}]}}