{"id":4191,"date":"2022-06-22T13:38:16","date_gmt":"2022-06-22T13:38:16","guid":{"rendered":"https:\/\/mabuko.co.mz\/?post_type=product&#038;p=4191"},"modified":"2023-01-13T14:20:56","modified_gmt":"2023-01-13T14:20:56","slug":"os-funerais-de-mubengane","status":"publish","type":"product","link":"https:\/\/mabuko.co.mz\/site\/?product=os-funerais-de-mubengane","title":{"rendered":"OS FUNERAIS DE MUBENGANE"},"content":{"rendered":"<p>Aldino Muianga<\/p>\n<p>9789898900128<\/p>\n","protected":false},"excerpt":{"rendered":"<p><strong>SINOPSE<\/strong><\/p>\n<p>A vov\u00f3 Sibhonguile teve uma noite de pesadelos, como nenhuma outra em toda a<br \/>\nsua Vida de anci\u00e3. Ora era a imagem do filho Mubengane a rebolar e a patear no interior do esquife em que o acomodaram e sepultaram naquela manh\u00e3, no cemit\u00e9rio da Vila de Mduduza;<br \/>\nora eram os protestos de seu defunto esposo que a invectivava com gestos de ira, com os dedos tr\u00e9mulos apontados para a campa de seu rec\u00e9m malogrado var\u00e3o.<\/p>\n","protected":false},"featured_media":4197,"template":"","meta":{"_monsterinsights_skip_tracking":false,"_monsterinsights_sitenote_active":false,"_monsterinsights_sitenote_note":"","_monsterinsights_sitenote_category":0},"product_cat":[103],"product_tag":[],"class_list":{"0":"post-4191","1":"product","2":"type-product","3":"status-publish","4":"has-post-thumbnail","6":"product_cat-literatura","7":"pa_book-author-aldino-muianga","9":"first","10":"outofstock","11":"shipping-taxable","12":"purchasable","13":"product-type-simple"},"_links":{"self":[{"href":"https:\/\/mabuko.co.mz\/site\/index.php?rest_route=\/wp\/v2\/product\/4191","targetHints":{"allow":["GET"]}}],"collection":[{"href":"https:\/\/mabuko.co.mz\/site\/index.php?rest_route=\/wp\/v2\/product"}],"about":[{"href":"https:\/\/mabuko.co.mz\/site\/index.php?rest_route=\/wp\/v2\/types\/product"}],"wp:featuredmedia":[{"embeddable":true,"href":"https:\/\/mabuko.co.mz\/site\/index.php?rest_route=\/wp\/v2\/media\/4197"}],"wp:attachment":[{"href":"https:\/\/mabuko.co.mz\/site\/index.php?rest_route=%2Fwp%2Fv2%2Fmedia&parent=4191"}],"wp:term":[{"taxonomy":"product_cat","embeddable":true,"href":"https:\/\/mabuko.co.mz\/site\/index.php?rest_route=%2Fwp%2Fv2%2Fproduct_cat&post=4191"},{"taxonomy":"product_tag","embeddable":true,"href":"https:\/\/mabuko.co.mz\/site\/index.php?rest_route=%2Fwp%2Fv2%2Fproduct_tag&post=4191"}],"curies":[{"name":"wp","href":"https:\/\/api.w.org\/{rel}","templated":true}]}}