{"id":4184,"date":"2022-06-22T11:26:21","date_gmt":"2022-06-22T11:26:21","guid":{"rendered":"https:\/\/mabuko.co.mz\/?post_type=product&#038;p=4184"},"modified":"2025-04-23T13:25:13","modified_gmt":"2025-04-23T13:25:13","slug":"a-viagem-a-roda-do-meu-nome","status":"publish","type":"product","link":"https:\/\/mabuko.co.mz\/site\/?product=a-viagem-a-roda-do-meu-nome","title":{"rendered":"A VIAGEM A RODA DO MEU NOME"},"content":{"rendered":"<p>Alice Vieira<\/p>\n<p>9789722100397<\/p>\n","protected":false},"excerpt":{"rendered":"<div id=\"productPageSectionAboutBook-sinopseTitle\" class=\"right-title\"><strong>SINOPSE<\/strong><\/div>\n<div id=\"productPageSectionAboutBook-sinopse\" class=\"right-text\">\n<p>Ab\u00edlio detesta o seu nome e decide mud\u00e1-lo para Lu\u00eds. A mudan\u00e7a de nome tem valor simb\u00f3lico, mostra o instante em que Ab\u00edlio entra em processo de crise, na busca de ser ele mesmo, diferente daquilo que dele queriam fazer. Uma viagem \u00e0 terra dos seus antepassados reconcilia-o com a sua hist\u00f3ria e o seu nome. Este romance realista, de personagens bem delineadas, retrata a vida quotidiana e o mundo interior de um rapaz, utilizando a primeira pessoa em dois tempos de enuncia\u00e7\u00e3o, e aborda com optimismo o complexo tema da identidade. (A partir dos 10\/11 anos.)<\/p>\n<\/div>\n","protected":false},"featured_media":4185,"template":"","meta":{"_monsterinsights_skip_tracking":false,"_monsterinsights_sitenote_active":false,"_monsterinsights_sitenote_note":"","_monsterinsights_sitenote_category":0},"product_cat":[105],"product_tag":[],"class_list":{"0":"post-4184","1":"product","2":"type-product","3":"status-publish","4":"has-post-thumbnail","6":"product_cat-romance","7":"pa_book-author-alice-vieira","9":"first","10":"outofstock","11":"shipping-taxable","12":"purchasable","13":"product-type-simple"},"_links":{"self":[{"href":"https:\/\/mabuko.co.mz\/site\/index.php?rest_route=\/wp\/v2\/product\/4184","targetHints":{"allow":["GET"]}}],"collection":[{"href":"https:\/\/mabuko.co.mz\/site\/index.php?rest_route=\/wp\/v2\/product"}],"about":[{"href":"https:\/\/mabuko.co.mz\/site\/index.php?rest_route=\/wp\/v2\/types\/product"}],"wp:featuredmedia":[{"embeddable":true,"href":"https:\/\/mabuko.co.mz\/site\/index.php?rest_route=\/wp\/v2\/media\/4185"}],"wp:attachment":[{"href":"https:\/\/mabuko.co.mz\/site\/index.php?rest_route=%2Fwp%2Fv2%2Fmedia&parent=4184"}],"wp:term":[{"taxonomy":"product_cat","embeddable":true,"href":"https:\/\/mabuko.co.mz\/site\/index.php?rest_route=%2Fwp%2Fv2%2Fproduct_cat&post=4184"},{"taxonomy":"product_tag","embeddable":true,"href":"https:\/\/mabuko.co.mz\/site\/index.php?rest_route=%2Fwp%2Fv2%2Fproduct_tag&post=4184"}],"curies":[{"name":"wp","href":"https:\/\/api.w.org\/{rel}","templated":true}]}}