{"id":4177,"date":"2022-06-22T10:01:08","date_gmt":"2022-06-22T10:01:08","guid":{"rendered":"https:\/\/mabuko.co.mz\/?post_type=product&#038;p=4177"},"modified":"2022-12-20T09:04:03","modified_gmt":"2022-12-20T09:04:03","slug":"killer-instinct","status":"publish","type":"product","link":"https:\/\/mabuko.co.mz\/site\/?product=killer-instinct","title":{"rendered":"KILLER INSTINCT"},"content":{"rendered":"","protected":false},"excerpt":{"rendered":"<p>Dr Dylan Reinhart n\u00e3o \u00e9 estranho para resolver crimes. Quando um professor da <em>Ivy League<\/em> \u00e9 assassinado, Reinhart se re\u00fane com sua antiga parceira, a detective Elizabeth Needham. Com sua mente incompar\u00e1vel para a psicologia criminal e a experi\u00eancia investigava de Needham, Reinhart est\u00e1 confiante de que juntos eles podem encontrar o assassino e encerrar o caso.<\/p>\n<p>Mas um terr\u00edvel ataque a Nova York coloca a cidade no caos. Na sequ\u00eancia, um nome do passado de Reinhart surge na lista de v\u00edtimas \u2013 um nome que ele pensava ter deixado para tr\u00e1s.<\/p>\n<p>Como segredos h\u00e1 muito enterrados amea\u00e7am descarrilar tudo pelo que ele trabalhou, ele pode manter sua vida unida por tempo suficiente para ser mais esperto que o assassino?<\/p>\n<p>Ou Reinhart finalmente encontrou seu par?<\/p>\n<p>&nbsp;<\/p>\n","protected":false},"featured_media":4178,"template":"","meta":{"_monsterinsights_skip_tracking":false,"_monsterinsights_sitenote_active":false,"_monsterinsights_sitenote_note":"","_monsterinsights_sitenote_category":0},"product_cat":[139,103,131],"product_tag":[],"class_list":{"0":"post-4177","1":"product","2":"type-product","3":"status-publish","4":"has-post-thumbnail","6":"product_cat-ficcao","7":"product_cat-literatura","8":"product_cat-thriller","9":"pa_book-author-howard-roughan","10":"pa_book-author-james-patterson","12":"first","13":"outofstock","14":"shipping-taxable","15":"purchasable","16":"product-type-simple"},"_links":{"self":[{"href":"https:\/\/mabuko.co.mz\/site\/index.php?rest_route=\/wp\/v2\/product\/4177","targetHints":{"allow":["GET"]}}],"collection":[{"href":"https:\/\/mabuko.co.mz\/site\/index.php?rest_route=\/wp\/v2\/product"}],"about":[{"href":"https:\/\/mabuko.co.mz\/site\/index.php?rest_route=\/wp\/v2\/types\/product"}],"wp:featuredmedia":[{"embeddable":true,"href":"https:\/\/mabuko.co.mz\/site\/index.php?rest_route=\/wp\/v2\/media\/4178"}],"wp:attachment":[{"href":"https:\/\/mabuko.co.mz\/site\/index.php?rest_route=%2Fwp%2Fv2%2Fmedia&parent=4177"}],"wp:term":[{"taxonomy":"product_cat","embeddable":true,"href":"https:\/\/mabuko.co.mz\/site\/index.php?rest_route=%2Fwp%2Fv2%2Fproduct_cat&post=4177"},{"taxonomy":"product_tag","embeddable":true,"href":"https:\/\/mabuko.co.mz\/site\/index.php?rest_route=%2Fwp%2Fv2%2Fproduct_tag&post=4177"}],"curies":[{"name":"wp","href":"https:\/\/api.w.org\/{rel}","templated":true}]}}