{"id":4175,"date":"2022-06-22T09:30:56","date_gmt":"2022-06-22T09:30:56","guid":{"rendered":"https:\/\/mabuko.co.mz\/?post_type=product&#038;p=4175"},"modified":"2023-01-13T13:00:03","modified_gmt":"2023-01-13T13:00:03","slug":"the-coast-to-coast-morders","status":"publish","type":"product","link":"https:\/\/mabuko.co.mz\/site\/?product=the-coast-to-coast-morders","title":{"rendered":"THE COAST-TO-COAST MURDERS"},"content":{"rendered":"<p>9781787465428<\/p>\n<p>JAMES PATTERSON<\/p>\n","protected":false},"excerpt":{"rendered":"<p><strong>SINOPSE<\/strong><\/p>\n<p>Michael e Megan Fitzgerald s\u00e3o irm\u00e3os que compartilham um passado preocupante. Ambos adoptados e agora crescidos &#8211; Michael \u00e9 um motorista de caminh\u00e3o de longa dist\u00e2ncia, Megan uma estudante universit\u00e1ria formada em psicologia &#8211; eles confiam um no outro antes de qualquer outra pessoa.<\/p>\n<p>Quando uma jovem \u00e9 encontrada assassinada no apartamento de Michael em Los Angeles, ele \u00e9 o principal suspeito e rapidamente preso. Mas ent\u00e3o h\u00e1 outro assassinato que \u00e9 surpreendentemente semelhante. E outro. E n\u00e3o apenas em Los Angeles &#8211; \u00e0 medida que a farra se espalha pelo pa\u00eds, o FBI se envolve em uma ca\u00e7ada a um serial killer a sangue frio.<\/p>\n","protected":false},"featured_media":4176,"template":"","meta":{"_monsterinsights_skip_tracking":false,"_monsterinsights_sitenote_active":false,"_monsterinsights_sitenote_note":"","_monsterinsights_sitenote_category":0},"product_cat":[139],"product_tag":[],"class_list":{"0":"post-4175","1":"product","2":"type-product","3":"status-publish","4":"has-post-thumbnail","6":"product_cat-ficcao","7":"pa_book-author-j-d-barker","8":"pa_book-author-james-patterson","10":"first","11":"outofstock","12":"shipping-taxable","13":"purchasable","14":"product-type-simple"},"_links":{"self":[{"href":"https:\/\/mabuko.co.mz\/site\/index.php?rest_route=\/wp\/v2\/product\/4175","targetHints":{"allow":["GET"]}}],"collection":[{"href":"https:\/\/mabuko.co.mz\/site\/index.php?rest_route=\/wp\/v2\/product"}],"about":[{"href":"https:\/\/mabuko.co.mz\/site\/index.php?rest_route=\/wp\/v2\/types\/product"}],"wp:featuredmedia":[{"embeddable":true,"href":"https:\/\/mabuko.co.mz\/site\/index.php?rest_route=\/wp\/v2\/media\/4176"}],"wp:attachment":[{"href":"https:\/\/mabuko.co.mz\/site\/index.php?rest_route=%2Fwp%2Fv2%2Fmedia&parent=4175"}],"wp:term":[{"taxonomy":"product_cat","embeddable":true,"href":"https:\/\/mabuko.co.mz\/site\/index.php?rest_route=%2Fwp%2Fv2%2Fproduct_cat&post=4175"},{"taxonomy":"product_tag","embeddable":true,"href":"https:\/\/mabuko.co.mz\/site\/index.php?rest_route=%2Fwp%2Fv2%2Fproduct_tag&post=4175"}],"curies":[{"name":"wp","href":"https:\/\/api.w.org\/{rel}","templated":true}]}}