{"id":4156,"date":"2022-06-21T11:49:40","date_gmt":"2022-06-21T11:49:40","guid":{"rendered":"https:\/\/mabuko.co.mz\/?post_type=product&#038;p=4156"},"modified":"2023-01-13T13:03:59","modified_gmt":"2023-01-13T13:03:59","slug":"inteligencia-emocional","status":"publish","type":"product","link":"https:\/\/mabuko.co.mz\/site\/?product=inteligencia-emocional","title":{"rendered":"INTELIG\u00caNCIA EMOCIONAL"},"content":{"rendered":"<p>Daniel Goleman<\/p>\n<p>9789896440909<\/p>\n","protected":false},"excerpt":{"rendered":"<div id=\"productPageSectionAboutBook-sinopseTitle\" class=\"right-title\"><strong>SINO<span style=\"font-size: 1rem;\">PSE<\/span><\/strong><\/div>\n<div id=\"productPageSectionAboutBook-sinopse\" class=\"right-text\">\n<p>Daniel Goleman serve-nos de guia numa jornada atrav\u00e9s da vis\u00e3o cient\u00edfica das emo\u00e7\u00f5es <span style=\"font-size: 1rem;\">de alguns dos mais confusos momentos das nossas pr\u00f3prias vidas e do mundo que nos rodeia. O fim da jornada \u00e9 compreender o que significa trazer intelig\u00eancia \u00e0 emo\u00e7\u00e3o, e como faz\u00ea-lo: \u00abEm \u00c9tica a Nic\u00f3maco, a investiga\u00e7\u00e3o filos\u00f3fica de Arist\u00f3teles sobre a virtude, o car\u00e1cter e a boa vida, o desafio que ele nos faz \u00e9 gerir a nossa vida emocional com intelig\u00eancia. As nossas paix\u00f5es, quando bem exercidas, t\u00eam sabedoria. Guiam o nosso pensamento, os nossos valores, a nossa sobreviv\u00eancia. Mas podem facilmente desgovernar-se, e fazem-no com frequ\u00eancia. Tal como Arist\u00f3teles bem viu, o problema n\u00e3o \u00e9 a emocionalidade, mas o sentido da emo\u00e7\u00e3o e das suas express\u00f5es. A quest\u00e3o \u00e9: como trazer intelig\u00eancia \u00e0s nossas emo\u00e7\u00f5es, e civismo \u00e0s nossas ruas e solicitude \u00e0 nossa vida em comunidade?<\/span><\/p>\n<\/div>\n","protected":false},"featured_media":4239,"template":"","meta":{"_monsterinsights_skip_tracking":false,"_monsterinsights_sitenote_active":false,"_monsterinsights_sitenote_note":"","_monsterinsights_sitenote_category":0},"product_cat":[108],"product_tag":[],"class_list":{"0":"post-4156","1":"product","2":"type-product","3":"status-publish","4":"has-post-thumbnail","6":"product_cat-auto-ajuda","7":"pa_book-author-daniel-goleman","9":"first","10":"outofstock","11":"shipping-taxable","12":"purchasable","13":"product-type-simple"},"_links":{"self":[{"href":"https:\/\/mabuko.co.mz\/site\/index.php?rest_route=\/wp\/v2\/product\/4156","targetHints":{"allow":["GET"]}}],"collection":[{"href":"https:\/\/mabuko.co.mz\/site\/index.php?rest_route=\/wp\/v2\/product"}],"about":[{"href":"https:\/\/mabuko.co.mz\/site\/index.php?rest_route=\/wp\/v2\/types\/product"}],"wp:featuredmedia":[{"embeddable":true,"href":"https:\/\/mabuko.co.mz\/site\/index.php?rest_route=\/wp\/v2\/media\/4239"}],"wp:attachment":[{"href":"https:\/\/mabuko.co.mz\/site\/index.php?rest_route=%2Fwp%2Fv2%2Fmedia&parent=4156"}],"wp:term":[{"taxonomy":"product_cat","embeddable":true,"href":"https:\/\/mabuko.co.mz\/site\/index.php?rest_route=%2Fwp%2Fv2%2Fproduct_cat&post=4156"},{"taxonomy":"product_tag","embeddable":true,"href":"https:\/\/mabuko.co.mz\/site\/index.php?rest_route=%2Fwp%2Fv2%2Fproduct_tag&post=4156"}],"curies":[{"name":"wp","href":"https:\/\/api.w.org\/{rel}","templated":true}]}}