{"id":4149,"date":"2022-06-21T10:18:32","date_gmt":"2022-06-21T10:18:32","guid":{"rendered":"https:\/\/mabuko.co.mz\/?post_type=product&#038;p=4149"},"modified":"2023-01-13T13:17:16","modified_gmt":"2023-01-13T13:17:16","slug":"inabalavel","status":"publish","type":"product","link":"https:\/\/mabuko.co.mz\/site\/?product=inabalavel","title":{"rendered":"INABAL\u00c1VEL"},"content":{"rendered":"<p>Tony Robbins<\/p>\n<p>9789892340616<\/p>\n","protected":false},"excerpt":{"rendered":"<div id=\"productPageSectionAboutBook-sinopseTitle\" class=\"right-title\"><strong style=\"font-size: 1rem;\">SINOPSE<\/strong><\/div>\n<div id=\"productPageSectionAboutBook-sinopse\" class=\"right-text\">\n<p>Inabal\u00e1vel, no dicion\u00e1rio de Tony Robbins n\u00e3o \u00e9 apenas uma quest\u00e3o de dinheiro. \u00c9 um estado de esp\u00edrito. Quando se \u00e9 realmente inabal\u00e1vel, tem-se uma confian\u00e7a s\u00f3lida mesmo no meio da tempestade. E consegue-se recuperar rapidamente o equil\u00edbrio quando o barco balan\u00e7a. Tony Robbins, na sequ\u00eancia da grande crise financeira de 2008, passou sete anos a entrevistar alguns dos maiores g\u00e9nios das finan\u00e7as dos nossos tempos. Aqueles que souberam contornar a turbul\u00eancia e navegar at\u00e9 um porto seguro. Os conselhos e sabedoria desses gurus financeiros est\u00e3o reunidos em O Jogo do Dinheiro, que vendeu um milh\u00e3o de exemplares em todo o mundo. Faltava agora um livro pr\u00e1tico, que sintetizasse esses conhecimentos num plano de ac\u00e7\u00e3o eficaz. Nasceu assim este bestseller n\u00ba1 do New York Times: Inabal\u00e1vel. Aqui vai perceber que a tend\u00eancia altista tem os dias contados. E compreender\u00e1 porque \u00e9 que n\u00e3o pode deixar o dinheiro parado: as taxas v\u00e3o levar-lhe grande parte dos lucros.<\/p>\n<p>Juntamente com Peter Mallouk (a \u00fanica pessoa do mundo a conseguir ser o conselheiro financeiro n\u00ba1 dos EUA durante tr\u00eas anos consecutivos no ranking da revista Barron\u2019s), Tony Robbins mostra-lhe como neste livro.<\/p>\n<\/div>\n","protected":false},"featured_media":4150,"template":"","meta":{"_monsterinsights_skip_tracking":false,"_monsterinsights_sitenote_active":false,"_monsterinsights_sitenote_note":"","_monsterinsights_sitenote_category":0},"product_cat":[108],"product_tag":[],"class_list":{"0":"post-4149","1":"product","2":"type-product","3":"status-publish","4":"has-post-thumbnail","6":"product_cat-auto-ajuda","7":"pa_book-author-tony-robbins","9":"first","10":"outofstock","11":"shipping-taxable","12":"purchasable","13":"product-type-simple"},"_links":{"self":[{"href":"https:\/\/mabuko.co.mz\/site\/index.php?rest_route=\/wp\/v2\/product\/4149","targetHints":{"allow":["GET"]}}],"collection":[{"href":"https:\/\/mabuko.co.mz\/site\/index.php?rest_route=\/wp\/v2\/product"}],"about":[{"href":"https:\/\/mabuko.co.mz\/site\/index.php?rest_route=\/wp\/v2\/types\/product"}],"wp:featuredmedia":[{"embeddable":true,"href":"https:\/\/mabuko.co.mz\/site\/index.php?rest_route=\/wp\/v2\/media\/4150"}],"wp:attachment":[{"href":"https:\/\/mabuko.co.mz\/site\/index.php?rest_route=%2Fwp%2Fv2%2Fmedia&parent=4149"}],"wp:term":[{"taxonomy":"product_cat","embeddable":true,"href":"https:\/\/mabuko.co.mz\/site\/index.php?rest_route=%2Fwp%2Fv2%2Fproduct_cat&post=4149"},{"taxonomy":"product_tag","embeddable":true,"href":"https:\/\/mabuko.co.mz\/site\/index.php?rest_route=%2Fwp%2Fv2%2Fproduct_tag&post=4149"}],"curies":[{"name":"wp","href":"https:\/\/api.w.org\/{rel}","templated":true}]}}