{"id":4139,"date":"2022-06-21T08:39:54","date_gmt":"2022-06-21T08:39:54","guid":{"rendered":"https:\/\/mabuko.co.mz\/?post_type=product&#038;p=4139"},"modified":"2023-01-13T13:16:49","modified_gmt":"2023-01-13T13:16:49","slug":"as-48-leis-do-poder","status":"publish","type":"product","link":"https:\/\/mabuko.co.mz\/site\/?product=as-48-leis-do-poder","title":{"rendered":"As 48 LEIS DO PODER"},"content":{"rendered":"","protected":false},"excerpt":{"rendered":"<div id=\"productPageSectionAboutBook-sinopseTitle\" class=\"right-title\"><strong>SINOPSE<\/strong><\/div>\n<div id=\"productPageSectionAboutBook-sinopse\" class=\"right-text\">\n<p>Para aqueles que querem ter poder, s\u00e3o espectadores do poder, ou querem escudar-se contra o poder\u2026<br \/>\nH\u00e1 quem brinque com o poder e perca tudo num erro fatal.<br \/>\nH\u00e1 quem v\u00e1 longe demais e quem n\u00e3o v\u00e1 suficientemente longe.<br \/>\nH\u00e1, no entanto, quem d\u00ea exactamente todos os passos certos e seja capaz de atrair a si o poder com uma per\u00edcia quase sobre-humana.<\/p>\n<p>Ao longo dos tempos, escritores e fil\u00f3sofos colocaram-se a seguinte pergunta:<br \/>\nQuais as li\u00e7\u00f5es a aprender com os sucessos e fracassos dos nossos predecessores?<\/p>\n<p>Apesar de os v\u00e1rios escritos sobre poder a que hoje temos acesso se estenderem por um per\u00edodo de mais de tr\u00eas mil anos, constatamos que se repetem tend\u00eancias e temas comuns &#8211; aqueles que apontam para uma ess\u00eancia de poder e que sugerem a exist\u00eancia de caracter\u00edsticas capazes de regular o seu aumento.<\/p>\n<p>As 48 leis s\u00e3o intemporais e absolutas.<\/p>\n<\/div>\n","protected":false},"featured_media":4141,"template":"","meta":{"_monsterinsights_skip_tracking":false,"_monsterinsights_sitenote_active":false,"_monsterinsights_sitenote_note":"","_monsterinsights_sitenote_category":0},"product_cat":[108],"product_tag":[],"class_list":{"0":"post-4139","1":"product","2":"type-product","3":"status-publish","4":"has-post-thumbnail","6":"product_cat-auto-ajuda","7":"pa_book-author-robert-greene-e-joost-eleffers","9":"first","10":"outofstock","11":"shipping-taxable","12":"purchasable","13":"product-type-simple"},"_links":{"self":[{"href":"https:\/\/mabuko.co.mz\/site\/index.php?rest_route=\/wp\/v2\/product\/4139","targetHints":{"allow":["GET"]}}],"collection":[{"href":"https:\/\/mabuko.co.mz\/site\/index.php?rest_route=\/wp\/v2\/product"}],"about":[{"href":"https:\/\/mabuko.co.mz\/site\/index.php?rest_route=\/wp\/v2\/types\/product"}],"wp:featuredmedia":[{"embeddable":true,"href":"https:\/\/mabuko.co.mz\/site\/index.php?rest_route=\/wp\/v2\/media\/4141"}],"wp:attachment":[{"href":"https:\/\/mabuko.co.mz\/site\/index.php?rest_route=%2Fwp%2Fv2%2Fmedia&parent=4139"}],"wp:term":[{"taxonomy":"product_cat","embeddable":true,"href":"https:\/\/mabuko.co.mz\/site\/index.php?rest_route=%2Fwp%2Fv2%2Fproduct_cat&post=4139"},{"taxonomy":"product_tag","embeddable":true,"href":"https:\/\/mabuko.co.mz\/site\/index.php?rest_route=%2Fwp%2Fv2%2Fproduct_tag&post=4139"}],"curies":[{"name":"wp","href":"https:\/\/api.w.org\/{rel}","templated":true}]}}