{"id":4137,"date":"2022-06-21T08:11:33","date_gmt":"2022-06-21T08:11:33","guid":{"rendered":"https:\/\/mabuko.co.mz\/?post_type=product&#038;p=4137"},"modified":"2023-01-13T13:18:31","modified_gmt":"2023-01-13T13:18:31","slug":"uma-terra-prometida","status":"publish","type":"product","link":"https:\/\/mabuko.co.mz\/site\/?product=uma-terra-prometida","title":{"rendered":"UMA TERRA PROMETIDA"},"content":{"rendered":"","protected":false},"excerpt":{"rendered":"<div id=\"productPageSectionAboutBook-sinopseTitle\" class=\"right-title\"><strong>SINOPSE<\/strong><\/div>\n<div><\/div>\n<div id=\"productPageSectionAboutBook-sinopse\" class=\"right-text\">\n<p>Em UMA TERRA PROMETIDA, Barack Obama narra, na primeira pessoa, a hist\u00f3ria da sua improv\u00e1vel odisseia, de jovem em busca da pr\u00f3pria identidade a l\u00edder do mundo livre, descrevendo com uma min\u00facia extraordinariamente pessoal quer a sua educa\u00e7\u00e3o pol\u00edtica quer os marcos do primeiro mandato da sua hist\u00f3rica presid\u00eancia -um tempo de dram\u00e1tica transforma\u00e7\u00e3o e turbul\u00eancia.<\/p>\n<p>Barack Obama convida os leitores a embarcar numa viagem emocionante, desde as suas primeiras aspira\u00e7\u00f5es pol\u00edticas \u00e0 decisiva vit\u00f3ria na conven\u00e7\u00e3o do Iowa at\u00e9 \u00e0 noite que marcou o ponto de viragem na Hist\u00f3ria, o 4 de novembro de 2008, quando foi eleito o 44.\u00ba presidente dos Estados Unidos da Am\u00e9rica e se tornou o primeiro afro-americano a assumir o cargo mais importante do pa\u00eds.<\/p>\n<p>Refletindo sobre a presid\u00eancia, Obama explora de forma singular e ponderada o tremendo alcance dos poderes presidenciais, bem como os seus limites, e oferece-nos um ponto de vista privilegiado sobre a din\u00e2mica partid\u00e1ria americana e a diplomacia internacional. Transporta os leitores para o interior da Sala Oval e da Sala de Crise da Casa Branca, para Moscovo, Cairo, Pequim, e leva-os ainda mais longe. Privamos dos seus pensamentos enquanto constitui o seu gabinete, luta contra uma crise financeira global, tira as medidas a Vladimir Putin, supera obst\u00e1culos aparentemente inultrapass\u00e1veis para assegurar a aprova\u00e7\u00e3o da lei de acesso geral a cuidados de sa\u00fade (AffordableCareAct), entra em rota de colis\u00e3o com os generais acerca da estrat\u00e9gia dos EUA para o Afeganist\u00e3o, lida com a reforma de Wall Street, reage \u00e0 devastadora crise provocada pela explos\u00e3o da plataforma petrol\u00edfera Deepwater Horizon e d\u00e1 luz verde \u00e0 Opera\u00e7\u00e3o Lan\u00e7a de Neptuno, que culminou com a morte de Osama bin Laden.<\/p>\n<p>UMA TERRA PROMETIDA \u00e9 uma obra extraordinariamente \u00edntima e introspetiva &#8211; a hist\u00f3ria do compromisso de um homem com a Hist\u00f3ria, da f\u00e9 de um l\u00edder comunit\u00e1rio posto \u00e0 prova no palco mundial. Obama \u00e9 franco quando fala sobre o exigente equil\u00edbrio de se candidatar \u00e0 presid\u00eancia como americano negro, carregando as expectativas de toda uma gera\u00e7\u00e3o inspirada por mensagens de &#8220;esperan\u00e7a e mudan\u00e7a&#8221;, e, ao mesmo tempo, cumprir os desafios morais da tomada de decis\u00f5es ao mais alto n\u00edvel. \u00c9 honesto sobre as for\u00e7as que lhe fizeram oposi\u00e7\u00e3o, no seu pa\u00eds e no estrangeiro, \u00e9 sincero sobre como a vida na Casa Branca afetou a sua mulher e as suas filhas e n\u00e3o tem receio de revelar as suas d\u00favidas e desilus\u00f5es. Contudo, nunca vacila na sua convic\u00e7\u00e3o de que na grande miss\u00e3o americana, ainda em curso, o progresso \u00e9 sempre poss\u00edvel.<\/p>\n<p>Este livro, maravilhosamente escrito e poderoso, expressa a convic\u00e7\u00e3o de Barack Obama de que a democracia n\u00e3o \u00e9 uma dadiva ca\u00edda do c\u00e9u mas uma conquista alicer\u00e7ada na empatia e na compreens\u00e3o m\u00fatua, constru\u00edda em conjunto dia ap\u00f3s dia.<\/p>\n<\/div>\n","protected":false},"featured_media":4136,"template":"","meta":{"_monsterinsights_skip_tracking":false,"_monsterinsights_sitenote_active":false,"_monsterinsights_sitenote_note":"","_monsterinsights_sitenote_category":0},"product_cat":[103,136],"product_tag":[],"class_list":{"0":"post-4137","1":"product","2":"type-product","3":"status-publish","4":"has-post-thumbnail","6":"product_cat-literatura","7":"product_cat-memorias-e-testemunhos","8":"pa_book-author-barack-obama","10":"first","11":"outofstock","12":"shipping-taxable","13":"purchasable","14":"product-type-simple"},"_links":{"self":[{"href":"https:\/\/mabuko.co.mz\/site\/index.php?rest_route=\/wp\/v2\/product\/4137","targetHints":{"allow":["GET"]}}],"collection":[{"href":"https:\/\/mabuko.co.mz\/site\/index.php?rest_route=\/wp\/v2\/product"}],"about":[{"href":"https:\/\/mabuko.co.mz\/site\/index.php?rest_route=\/wp\/v2\/types\/product"}],"wp:featuredmedia":[{"embeddable":true,"href":"https:\/\/mabuko.co.mz\/site\/index.php?rest_route=\/wp\/v2\/media\/4136"}],"wp:attachment":[{"href":"https:\/\/mabuko.co.mz\/site\/index.php?rest_route=%2Fwp%2Fv2%2Fmedia&parent=4137"}],"wp:term":[{"taxonomy":"product_cat","embeddable":true,"href":"https:\/\/mabuko.co.mz\/site\/index.php?rest_route=%2Fwp%2Fv2%2Fproduct_cat&post=4137"},{"taxonomy":"product_tag","embeddable":true,"href":"https:\/\/mabuko.co.mz\/site\/index.php?rest_route=%2Fwp%2Fv2%2Fproduct_tag&post=4137"}],"curies":[{"name":"wp","href":"https:\/\/api.w.org\/{rel}","templated":true}]}}