{"id":3881,"date":"2022-03-21T08:07:59","date_gmt":"2022-03-21T08:07:59","guid":{"rendered":"https:\/\/mabuko.co.mz\/?post_type=product&#038;p=3881"},"modified":"2024-12-17T08:26:57","modified_gmt":"2024-12-17T08:26:57","slug":"a-arte-subtil-de-saber-seduzir","status":"publish","type":"product","link":"https:\/\/mabuko.co.mz\/site\/?product=a-arte-subtil-de-saber-seduzir","title":{"rendered":"A ARTE SUBTIL DE SABER SEDUZIR"},"content":{"rendered":"","protected":false},"excerpt":{"rendered":"<p><strong>SINOPSE<\/strong><\/p>\n<p>Um livro revolucion\u00e1rio que explica a sedu\u00e7\u00e3o sem mentiras nem manipula\u00e7\u00e3o<\/p>\n<p>As t\u00e9cnicas de sedu\u00e7\u00e3o tradicionais s\u00e3o uma treta. Para Mark Manson, a sedu\u00e7\u00e3o \u00e9 um processo emotivo e n\u00e3o f\u00edsico ou social, um processo que envolve criar empatia com as mulheres em vez de as impressionar. O que importa \u00e9 a inten\u00e7\u00e3o, a motiva\u00e7\u00e3o e a autenticidade. Para melhorar a sua vida amorosa, deve melhorar a sua vida emocional &#8211; a forma como se sente e como se exprime perante os outros. Divertido, irreverente e atrevido, A Arte Subtil de Saber Seduzir n\u00e3o \u00e9 apenas mais um livro com t\u00e9cnicas de sedu\u00e7\u00e3o e frases feitas prontas a usar. \u00c9 um guia honesto sobre a forma como um homem pode atrair uma mulher sem fingir comportamentos, sem mentir e sem imitar os outros.<\/p>\n<p>&nbsp;<\/p>\n","protected":false},"featured_media":3882,"template":"","meta":{"_monsterinsights_skip_tracking":false,"_monsterinsights_sitenote_active":false,"_monsterinsights_sitenote_note":"","_monsterinsights_sitenote_category":0},"product_cat":[108],"product_tag":[],"class_list":{"0":"post-3881","1":"product","2":"type-product","3":"status-publish","4":"has-post-thumbnail","6":"product_cat-auto-ajuda","7":"pa_book-author-mark-manson","9":"first","10":"outofstock","11":"shipping-taxable","12":"purchasable","13":"product-type-simple"},"_links":{"self":[{"href":"https:\/\/mabuko.co.mz\/site\/index.php?rest_route=\/wp\/v2\/product\/3881","targetHints":{"allow":["GET"]}}],"collection":[{"href":"https:\/\/mabuko.co.mz\/site\/index.php?rest_route=\/wp\/v2\/product"}],"about":[{"href":"https:\/\/mabuko.co.mz\/site\/index.php?rest_route=\/wp\/v2\/types\/product"}],"wp:featuredmedia":[{"embeddable":true,"href":"https:\/\/mabuko.co.mz\/site\/index.php?rest_route=\/wp\/v2\/media\/3882"}],"wp:attachment":[{"href":"https:\/\/mabuko.co.mz\/site\/index.php?rest_route=%2Fwp%2Fv2%2Fmedia&parent=3881"}],"wp:term":[{"taxonomy":"product_cat","embeddable":true,"href":"https:\/\/mabuko.co.mz\/site\/index.php?rest_route=%2Fwp%2Fv2%2Fproduct_cat&post=3881"},{"taxonomy":"product_tag","embeddable":true,"href":"https:\/\/mabuko.co.mz\/site\/index.php?rest_route=%2Fwp%2Fv2%2Fproduct_tag&post=3881"}],"curies":[{"name":"wp","href":"https:\/\/api.w.org\/{rel}","templated":true}]}}