{"id":3877,"date":"2022-03-21T07:39:21","date_gmt":"2022-03-21T07:39:21","guid":{"rendered":"https:\/\/mabuko.co.mz\/?post_type=product&#038;p=3877"},"modified":"2023-01-13T14:00:57","modified_gmt":"2023-01-13T14:00:57","slug":"for-a-do-labirinto","status":"publish","type":"product","link":"https:\/\/mabuko.co.mz\/site\/?product=for-a-do-labirinto","title":{"rendered":"FORA DO LABIRINTO"},"content":{"rendered":"<p>DR. Spencer Johnson<\/p>\n<p>9789898820204<\/p>\n","protected":false},"excerpt":{"rendered":"<p><strong>SINOPSE<\/strong><\/p>\n<p>Quem Mexeu no meu Queijo? ofereceu a milh\u00f5es de leitores a solu\u00e7\u00e3o para um problema perene, no trabalho e na vida: o que fazer quando tudo muda? Agora, a sequela h\u00e1 muito esperada aprofunda a quest\u00e3o, mostrando aos leitores como adaptar o seu comportamento e as suas cren\u00e7as para obter melhores resultados.<\/p>\n<p>Quando os encontr\u00e1mos pela primeira vez, em Quem Mexeu no Meu Queijo?, os dois pequenos protagonistas, Pigarro e Gaguinho, defrontavam-se com uma mudan\u00e7a inesperada e assustadora, quando o seu querido Queijo come\u00e7ou a desaparecer. Gaguinho aprendeu a lidar com a mudan\u00e7a da melhor forma, partindo em busca do Novo Queijo. Mas Pigarro n\u00e3o conseguiu seguir em frente\u2026<\/p>\n<p>Agora, em Fora do Labirinto, ficamos a saber o que Pigarro fez a seguir &#8211; e como o seu percurso e as suas descobertas podem ajudar cada um de n\u00f3s a ultrapassar dificuldades e dilemas, e a encontrar sempre a melhor solu\u00e7\u00e3o &#8211; no trabalho e na vida, Basta pensar fora da caixa &#8211; ou melhor, Fora do Labirinto.<\/p>\n","protected":false},"featured_media":7661,"template":"","meta":{"_monsterinsights_skip_tracking":false,"_monsterinsights_sitenote_active":false,"_monsterinsights_sitenote_note":"","_monsterinsights_sitenote_category":0},"product_cat":[102],"product_tag":[],"class_list":{"0":"post-3877","1":"product","2":"type-product","3":"status-publish","4":"has-post-thumbnail","6":"product_cat-livros-tecnicos","7":"pa_book-author-dr-spencer-johnson","9":"first","10":"outofstock","11":"shipping-taxable","12":"purchasable","13":"product-type-simple"},"_links":{"self":[{"href":"https:\/\/mabuko.co.mz\/site\/index.php?rest_route=\/wp\/v2\/product\/3877","targetHints":{"allow":["GET"]}}],"collection":[{"href":"https:\/\/mabuko.co.mz\/site\/index.php?rest_route=\/wp\/v2\/product"}],"about":[{"href":"https:\/\/mabuko.co.mz\/site\/index.php?rest_route=\/wp\/v2\/types\/product"}],"wp:featuredmedia":[{"embeddable":true,"href":"https:\/\/mabuko.co.mz\/site\/index.php?rest_route=\/wp\/v2\/media\/7661"}],"wp:attachment":[{"href":"https:\/\/mabuko.co.mz\/site\/index.php?rest_route=%2Fwp%2Fv2%2Fmedia&parent=3877"}],"wp:term":[{"taxonomy":"product_cat","embeddable":true,"href":"https:\/\/mabuko.co.mz\/site\/index.php?rest_route=%2Fwp%2Fv2%2Fproduct_cat&post=3877"},{"taxonomy":"product_tag","embeddable":true,"href":"https:\/\/mabuko.co.mz\/site\/index.php?rest_route=%2Fwp%2Fv2%2Fproduct_tag&post=3877"}],"curies":[{"name":"wp","href":"https:\/\/api.w.org\/{rel}","templated":true}]}}