{"id":3858,"date":"2022-03-20T08:39:25","date_gmt":"2022-03-20T08:39:25","guid":{"rendered":"https:\/\/mabuko.co.mz\/?post_type=product&#038;p=3858"},"modified":"2023-01-13T14:02:41","modified_gmt":"2023-01-13T14:02:41","slug":"uma-mente-independente","status":"publish","type":"product","link":"https:\/\/mabuko.co.mz\/site\/?product=uma-mente-independente","title":{"rendered":"UMA MENTE INDEPENDENTE"},"content":{"rendered":"","protected":false},"excerpt":{"rendered":"<p><strong>SINOPSE<\/strong><\/p>\n<p>Osho dedicou a sua vida ao ensino e \u00e0 pr\u00e1tica da medita\u00e7\u00e3o, que ele n\u00e3o considerava um exerc\u00edcio espiritual, mas uma experi\u00eancia cient\u00edfica: a medita\u00e7\u00e3o \u00e9 a forma mais emp\u00edrica e eficaz de conhecer o mecanismo da mente. E, conhecendo o funcionamento da mente, torna-se muito f\u00e1cil identificar os mecanismos de ilus\u00e3o e manipula\u00e7\u00e3o que nos rodeiam\u2026 Uma Mente Independente baseia-se em algumas das primeiras confer\u00eancias feitas por Osho em retiros de medita\u00e7\u00e3o e \u00e9 uma das suas obras mais provocantes e originais.<\/p>\n","protected":false},"featured_media":3859,"template":"","meta":{"_monsterinsights_skip_tracking":false,"_monsterinsights_sitenote_active":false,"_monsterinsights_sitenote_note":"","_monsterinsights_sitenote_category":0},"product_cat":[108],"product_tag":[],"class_list":{"0":"post-3858","1":"product","2":"type-product","3":"status-publish","4":"has-post-thumbnail","6":"product_cat-auto-ajuda","7":"pa_book-author-osho","9":"first","10":"outofstock","11":"shipping-taxable","12":"purchasable","13":"product-type-simple"},"_links":{"self":[{"href":"https:\/\/mabuko.co.mz\/site\/index.php?rest_route=\/wp\/v2\/product\/3858","targetHints":{"allow":["GET"]}}],"collection":[{"href":"https:\/\/mabuko.co.mz\/site\/index.php?rest_route=\/wp\/v2\/product"}],"about":[{"href":"https:\/\/mabuko.co.mz\/site\/index.php?rest_route=\/wp\/v2\/types\/product"}],"wp:featuredmedia":[{"embeddable":true,"href":"https:\/\/mabuko.co.mz\/site\/index.php?rest_route=\/wp\/v2\/media\/3859"}],"wp:attachment":[{"href":"https:\/\/mabuko.co.mz\/site\/index.php?rest_route=%2Fwp%2Fv2%2Fmedia&parent=3858"}],"wp:term":[{"taxonomy":"product_cat","embeddable":true,"href":"https:\/\/mabuko.co.mz\/site\/index.php?rest_route=%2Fwp%2Fv2%2Fproduct_cat&post=3858"},{"taxonomy":"product_tag","embeddable":true,"href":"https:\/\/mabuko.co.mz\/site\/index.php?rest_route=%2Fwp%2Fv2%2Fproduct_tag&post=3858"}],"curies":[{"name":"wp","href":"https:\/\/api.w.org\/{rel}","templated":true}]}}