{"id":3852,"date":"2022-03-20T08:22:30","date_gmt":"2022-03-20T08:22:30","guid":{"rendered":"https:\/\/mabuko.co.mz\/?post_type=product&#038;p=3852"},"modified":"2022-12-14T14:44:13","modified_gmt":"2022-12-14T14:44:13","slug":"o-caminho-perfeito","status":"publish","type":"product","link":"https:\/\/mabuko.co.mz\/site\/?product=o-caminho-perfeito","title":{"rendered":"O CAMINHO PERFEITO"},"content":{"rendered":"","protected":false},"excerpt":{"rendered":"<p><strong>SINOPSE<\/strong><\/p>\n<p>&#8220;Meditar \u00e9 estar sem pensamentos&#8221;, diz Osho. &#8220;Sem pensamentos podemos aceder ao que os pensamentos ocultam.&#8221;<br \/>\nEste livro \u00e9 um imenso c\u00e9u azul.<\/p>\n<p>Escrito quando Osho era professor de Filosofia na Universidade de Jabalpur e, ao mesmo tempo, dirigia as suas primeiras comunidades de medita\u00e7\u00e3o, O Caminho Perfeito \u00e9 a semente da revolu\u00e7\u00e3o que veio a ser o pensamento de Osho. \u00c9 o primeiro registo da abordagem absolutamente transformadora de Osho da medita\u00e7\u00e3o, e da sua vis\u00e3o do ser humano como uma unidade irredut\u00edvel. Um texto escrito no in\u00edcio da d\u00e9cada de 1960, de uma actualidade surpreendente.<\/p>\n<p>&nbsp;<\/p>\n","protected":false},"featured_media":3853,"template":"","meta":{"_monsterinsights_skip_tracking":false,"_monsterinsights_sitenote_active":false,"_monsterinsights_sitenote_note":"","_monsterinsights_sitenote_category":0},"product_cat":[108],"product_tag":[],"class_list":{"0":"post-3852","1":"product","2":"type-product","3":"status-publish","4":"has-post-thumbnail","6":"product_cat-auto-ajuda","7":"pa_book-author-osho","9":"first","10":"outofstock","11":"shipping-taxable","12":"purchasable","13":"product-type-simple"},"_links":{"self":[{"href":"https:\/\/mabuko.co.mz\/site\/index.php?rest_route=\/wp\/v2\/product\/3852","targetHints":{"allow":["GET"]}}],"collection":[{"href":"https:\/\/mabuko.co.mz\/site\/index.php?rest_route=\/wp\/v2\/product"}],"about":[{"href":"https:\/\/mabuko.co.mz\/site\/index.php?rest_route=\/wp\/v2\/types\/product"}],"wp:featuredmedia":[{"embeddable":true,"href":"https:\/\/mabuko.co.mz\/site\/index.php?rest_route=\/wp\/v2\/media\/3853"}],"wp:attachment":[{"href":"https:\/\/mabuko.co.mz\/site\/index.php?rest_route=%2Fwp%2Fv2%2Fmedia&parent=3852"}],"wp:term":[{"taxonomy":"product_cat","embeddable":true,"href":"https:\/\/mabuko.co.mz\/site\/index.php?rest_route=%2Fwp%2Fv2%2Fproduct_cat&post=3852"},{"taxonomy":"product_tag","embeddable":true,"href":"https:\/\/mabuko.co.mz\/site\/index.php?rest_route=%2Fwp%2Fv2%2Fproduct_tag&post=3852"}],"curies":[{"name":"wp","href":"https:\/\/api.w.org\/{rel}","templated":true}]}}