{"id":3846,"date":"2022-03-20T08:10:52","date_gmt":"2022-03-20T08:10:52","guid":{"rendered":"https:\/\/mabuko.co.mz\/?post_type=product&#038;p=3846"},"modified":"2023-01-13T14:04:28","modified_gmt":"2023-01-13T14:04:28","slug":"o-clube-das-5-da-manha","status":"publish","type":"product","link":"https:\/\/mabuko.co.mz\/site\/?product=o-clube-das-5-da-manha","title":{"rendered":"O CLUBE DAS 5 DA MANH\u00c3"},"content":{"rendered":"","protected":false},"excerpt":{"rendered":"<p><strong>SINOPSE<\/strong><\/p>\n<p>\u00abVencer come\u00e7a pela forma como come\u00e7amos o dia. \u00c9 nas primeiras horas que se fazem os grandes her\u00f3is. Domine as suas manh\u00e3s e ser\u00e1 o mestre da sua vida.\u00bb<\/p>\n<p>O Clube das 5 da Manh\u00e3 conta a hist\u00f3ria de uma empreendedora, exausta e \u00e0 beira de um esgotamento. Um encontro casual leva-a numa viagem de redescoberta de si mesma, e compreende por fim como restaurar o equil\u00edbrio necess\u00e1rio a uma vida feliz e produtiva. Como? O segredo est\u00e1 em acordar mais cedo, e com esta \u00abhora da vit\u00f3ria\u00bb, reduzir o stresse, aumentar a performance, ter mais criatividade e concentra\u00e7\u00e3o, e sentir-se melhor. O Clube das 5 da Manh\u00e3 \u00e9 a obra-prima de Sharma, que inclui m\u00e9todos desenvolvidos por si e testados nos seus workshops, como a medita\u00e7\u00e3o das 5:00 e a f\u00f3rmula 20\/20\/20.<\/p>\n<p>ISBN: 9789896875213<br \/>\n<span id=\"author-name-hide\">Autor Robin Sharma<\/span><\/p>\n","protected":false},"featured_media":3847,"template":"","meta":{"_monsterinsights_skip_tracking":false,"_monsterinsights_sitenote_active":false,"_monsterinsights_sitenote_note":"","_monsterinsights_sitenote_category":0},"product_cat":[108],"product_tag":[],"class_list":{"0":"post-3846","1":"product","2":"type-product","3":"status-publish","4":"has-post-thumbnail","6":"product_cat-auto-ajuda","7":"pa_book-author-robin-sharma","9":"first","10":"outofstock","11":"shipping-taxable","12":"purchasable","13":"product-type-simple"},"_links":{"self":[{"href":"https:\/\/mabuko.co.mz\/site\/index.php?rest_route=\/wp\/v2\/product\/3846","targetHints":{"allow":["GET"]}}],"collection":[{"href":"https:\/\/mabuko.co.mz\/site\/index.php?rest_route=\/wp\/v2\/product"}],"about":[{"href":"https:\/\/mabuko.co.mz\/site\/index.php?rest_route=\/wp\/v2\/types\/product"}],"wp:featuredmedia":[{"embeddable":true,"href":"https:\/\/mabuko.co.mz\/site\/index.php?rest_route=\/wp\/v2\/media\/3847"}],"wp:attachment":[{"href":"https:\/\/mabuko.co.mz\/site\/index.php?rest_route=%2Fwp%2Fv2%2Fmedia&parent=3846"}],"wp:term":[{"taxonomy":"product_cat","embeddable":true,"href":"https:\/\/mabuko.co.mz\/site\/index.php?rest_route=%2Fwp%2Fv2%2Fproduct_cat&post=3846"},{"taxonomy":"product_tag","embeddable":true,"href":"https:\/\/mabuko.co.mz\/site\/index.php?rest_route=%2Fwp%2Fv2%2Fproduct_tag&post=3846"}],"curies":[{"name":"wp","href":"https:\/\/api.w.org\/{rel}","templated":true}]}}