{"id":3843,"date":"2022-03-20T07:55:27","date_gmt":"2022-03-20T07:55:27","guid":{"rendered":"https:\/\/mabuko.co.mz\/?post_type=product&#038;p=3843"},"modified":"2023-03-01T15:04:35","modified_gmt":"2023-03-01T15:04:35","slug":"ciume","status":"publish","type":"product","link":"https:\/\/mabuko.co.mz\/site\/?product=ciume","title":{"rendered":"CI\u00daME"},"content":{"rendered":"","protected":false},"excerpt":{"rendered":"<p><strong>SINOPSE<\/strong><\/p>\n<p>Durante muito tempo, o ci\u00fame era visto como um sinal de amor, mesmo quando era doentio e causava apenas sofrimento &#8211; tanto para quem o sentia como para quem dele era v\u00edtima. Chegou a dizer-se: \u00abO ci\u00fame \u00e9 o tempero da rela\u00e7\u00e3o.\u00bb Mas os tempos mudaram, e hoje sabemos reconhecer que o ci\u00fame n\u00e3o \u00e9 sinal de uma rela\u00e7\u00e3o emocionante, mas de uma rela\u00e7\u00e3o doente. \u00c0 pessoa que sente ci\u00fame falta uma coisa essencial, algo que a completa e lhe permite ser feliz sem outra pessoa: a autoestima. Ao longo destas p\u00e1ginas, o psiquiatra e escritor Augusto Cury traz \u00e0 tona as v\u00e1rias facetas desse sentimento que divide opini\u00f5es e ressalta que, embora exista um ci\u00fame sadio &#8211; caracterizado pelo desejo de estar pr\u00f3ximo de quem se ama -, \u00e9 t\u00e9nue a linha que divide o amor ao pr\u00f3ximo e a falta de amor-pr\u00f3prio.<\/p>\n<p>A pessoa que sente ci\u00fame abandonou-se a si pr\u00f3pria, e por isso procura no outro aquilo que n\u00e3o \u00e9 capaz de dar a si mesma. Com li\u00e7\u00f5es simples como \u00abTenha um romance a com sua hist\u00f3ria antes de se relacionar com outra pessoa\u00bb, \u00abSeja transparente\u00bb ou \u00abN\u00e3o seja um carrasco de si mesmo\u00bb, o leitor aprender\u00e1 a proteger a sua emo\u00e7\u00e3o e criar uma rela\u00e7\u00e3o saud\u00e1vel consigo pr\u00f3prio, em primeiro lugar, e s\u00f3 depois com todos os que o rodeiam. Afinal, o ci\u00fame n\u00e3o est\u00e1 restrito apenas aos casais; pais, filhos, amigos, todos podem ser afetados por esse sentimento que encarcera as rela\u00e7\u00f5es.<\/p>\n<div id=\"isbn\" hidden=\"\">ISBN: 9789896874872<\/div>\n<p><span id=\"author-name-hide\">Autor: Augusto Cury<\/span><\/p>\n","protected":false},"featured_media":3844,"template":"","meta":{"_monsterinsights_skip_tracking":false,"_monsterinsights_sitenote_active":false,"_monsterinsights_sitenote_note":"","_monsterinsights_sitenote_category":0},"product_cat":[105],"product_tag":[],"class_list":{"0":"post-3843","1":"product","2":"type-product","3":"status-publish","4":"has-post-thumbnail","6":"product_cat-romance","7":"pa_book-author-augusto-cury","9":"first","10":"outofstock","11":"shipping-taxable","12":"purchasable","13":"product-type-simple"},"_links":{"self":[{"href":"https:\/\/mabuko.co.mz\/site\/index.php?rest_route=\/wp\/v2\/product\/3843","targetHints":{"allow":["GET"]}}],"collection":[{"href":"https:\/\/mabuko.co.mz\/site\/index.php?rest_route=\/wp\/v2\/product"}],"about":[{"href":"https:\/\/mabuko.co.mz\/site\/index.php?rest_route=\/wp\/v2\/types\/product"}],"wp:featuredmedia":[{"embeddable":true,"href":"https:\/\/mabuko.co.mz\/site\/index.php?rest_route=\/wp\/v2\/media\/3844"}],"wp:attachment":[{"href":"https:\/\/mabuko.co.mz\/site\/index.php?rest_route=%2Fwp%2Fv2%2Fmedia&parent=3843"}],"wp:term":[{"taxonomy":"product_cat","embeddable":true,"href":"https:\/\/mabuko.co.mz\/site\/index.php?rest_route=%2Fwp%2Fv2%2Fproduct_cat&post=3843"},{"taxonomy":"product_tag","embeddable":true,"href":"https:\/\/mabuko.co.mz\/site\/index.php?rest_route=%2Fwp%2Fv2%2Fproduct_tag&post=3843"}],"curies":[{"name":"wp","href":"https:\/\/api.w.org\/{rel}","templated":true}]}}