{"id":3362,"date":"2021-11-29T09:56:42","date_gmt":"2021-11-29T09:56:42","guid":{"rendered":"https:\/\/mabuko.co.mz\/?post_type=product&#038;p=3362"},"modified":"2022-12-20T08:57:38","modified_gmt":"2022-12-20T08:57:38","slug":"o-manuscrito-de-birkenau","status":"publish","type":"product","link":"https:\/\/mabuko.co.mz\/site\/?product=o-manuscrito-de-birkenau","title":{"rendered":"O MANUSCRITO DE BIRKENAU"},"content":{"rendered":"","protected":false},"excerpt":{"rendered":"<p><strong>SINOPSE<\/strong><\/p>\n<p>Auschwitz \u00e9 o ponto de encontro entre duas figuras singulares. Uma \u00e9 o Grande Nivelli, o m\u00e1gico judeu deportado para o campo da morte. A outra \u00e9 Francisco Latino, o legion\u00e1rio portugu\u00eas recrutado pelas SS. Os russos aproximam-se e os nazis preparam-se para o massacre final. Com o fim \u00e0 vista, o judeu e o portugu\u00eas v\u00e3o unir for\u00e7as para sobreviver. Ao mesmo tempo, a magia do Grande Nivelli ir\u00e1 desempenhar um papel central no maior acto de resist\u00eancia contra o Holocausto.<\/p>\n<p>A revolta de Auschwitz.<br \/>\nO Manuscrito de Birkenau conclui a espantosa hist\u00f3ria iniciada em O M\u00e1gico de Auschwitz e revela-nos a Shoah como nunca foi contada. Baseando-se em acontecimentos ver\u00eddicos e em personagens reais, Jos\u00e9 Rodrigues dos Santos transporta-nos ao cora\u00e7\u00e3o do grande campo da morte nazi e desvendanos o papel do misticismo e do esoterismo na Solu\u00e7\u00e3o Final.<\/p>\n<p>ISBN: 9789896169909<br \/>\n<span id=\"author-name-hide\">Autor: Jos\u00e9 Rodrigues dos Santos<\/span><\/p>\n","protected":false},"featured_media":3363,"template":"","meta":{"_monsterinsights_skip_tracking":false,"_monsterinsights_sitenote_active":false,"_monsterinsights_sitenote_note":"","_monsterinsights_sitenote_category":0},"product_cat":[105],"product_tag":[],"class_list":{"0":"post-3362","1":"product","2":"type-product","3":"status-publish","4":"has-post-thumbnail","6":"product_cat-romance","7":"pa_book-author-jose-rodrigues-dos-santos","9":"first","10":"outofstock","11":"shipping-taxable","12":"purchasable","13":"product-type-simple"},"_links":{"self":[{"href":"https:\/\/mabuko.co.mz\/site\/index.php?rest_route=\/wp\/v2\/product\/3362","targetHints":{"allow":["GET"]}}],"collection":[{"href":"https:\/\/mabuko.co.mz\/site\/index.php?rest_route=\/wp\/v2\/product"}],"about":[{"href":"https:\/\/mabuko.co.mz\/site\/index.php?rest_route=\/wp\/v2\/types\/product"}],"wp:featuredmedia":[{"embeddable":true,"href":"https:\/\/mabuko.co.mz\/site\/index.php?rest_route=\/wp\/v2\/media\/3363"}],"wp:attachment":[{"href":"https:\/\/mabuko.co.mz\/site\/index.php?rest_route=%2Fwp%2Fv2%2Fmedia&parent=3362"}],"wp:term":[{"taxonomy":"product_cat","embeddable":true,"href":"https:\/\/mabuko.co.mz\/site\/index.php?rest_route=%2Fwp%2Fv2%2Fproduct_cat&post=3362"},{"taxonomy":"product_tag","embeddable":true,"href":"https:\/\/mabuko.co.mz\/site\/index.php?rest_route=%2Fwp%2Fv2%2Fproduct_tag&post=3362"}],"curies":[{"name":"wp","href":"https:\/\/api.w.org\/{rel}","templated":true}]}}