{"id":3358,"date":"2021-11-29T09:47:07","date_gmt":"2021-11-29T09:47:07","guid":{"rendered":"https:\/\/mabuko.co.mz\/?post_type=product&#038;p=3358"},"modified":"2023-01-13T12:56:40","modified_gmt":"2023-01-13T12:56:40","slug":"vidas-adiadas","status":"publish","type":"product","link":"https:\/\/mabuko.co.mz\/site\/?product=vidas-adiadas","title":{"rendered":"VIDAS ADIADAS"},"content":{"rendered":"<p>9789720675842<\/p>\n<p>Dorothy Koomoson<\/p>\n","protected":false},"excerpt":{"rendered":"<p><strong>SINOPSE<\/strong><\/p>\n<p>Verity mente\u2026<br \/>\nE \u00e9 por isso que est\u00e1 prestes a ser detida por tentativa de homic\u00eddio.<br \/>\nSerena mente desde sempre\u2026<br \/>\nE talvez por isso a sua filha se veja obrigada a fazer o impens\u00e1vel\u2026<br \/>\nPoppy vive assombrada pelas mentiras\u2026<br \/>\nIr\u00e1 a sua busca pela verdade acabar por ferir todos os que ama?<\/p>\n<p>Todos mentimos.<br \/>\nMas quais mentiras acabar\u00e3o em trag\u00e9dia?<\/p>\n<p><span id=\"author-name-hide\">Autor: Dorothy Koomoson<\/span><br \/>\nISBN: 9789720675842<\/p>\n","protected":false},"featured_media":3359,"template":"","meta":{"_monsterinsights_skip_tracking":false,"_monsterinsights_sitenote_active":false,"_monsterinsights_sitenote_note":"","_monsterinsights_sitenote_category":0},"product_cat":[105],"product_tag":[],"class_list":{"0":"post-3358","1":"product","2":"type-product","3":"status-publish","4":"has-post-thumbnail","6":"product_cat-romance","7":"pa_book-author-dorothy-koomoson","9":"first","10":"outofstock","11":"shipping-taxable","12":"purchasable","13":"product-type-simple"},"_links":{"self":[{"href":"https:\/\/mabuko.co.mz\/site\/index.php?rest_route=\/wp\/v2\/product\/3358","targetHints":{"allow":["GET"]}}],"collection":[{"href":"https:\/\/mabuko.co.mz\/site\/index.php?rest_route=\/wp\/v2\/product"}],"about":[{"href":"https:\/\/mabuko.co.mz\/site\/index.php?rest_route=\/wp\/v2\/types\/product"}],"wp:featuredmedia":[{"embeddable":true,"href":"https:\/\/mabuko.co.mz\/site\/index.php?rest_route=\/wp\/v2\/media\/3359"}],"wp:attachment":[{"href":"https:\/\/mabuko.co.mz\/site\/index.php?rest_route=%2Fwp%2Fv2%2Fmedia&parent=3358"}],"wp:term":[{"taxonomy":"product_cat","embeddable":true,"href":"https:\/\/mabuko.co.mz\/site\/index.php?rest_route=%2Fwp%2Fv2%2Fproduct_cat&post=3358"},{"taxonomy":"product_tag","embeddable":true,"href":"https:\/\/mabuko.co.mz\/site\/index.php?rest_route=%2Fwp%2Fv2%2Fproduct_tag&post=3358"}],"curies":[{"name":"wp","href":"https:\/\/api.w.org\/{rel}","templated":true}]}}