{"id":3356,"date":"2021-11-29T09:28:04","date_gmt":"2021-11-29T09:28:04","guid":{"rendered":"https:\/\/mabuko.co.mz\/?post_type=product&#038;p=3356"},"modified":"2023-01-13T12:53:48","modified_gmt":"2023-01-13T12:53:48","slug":"o-cacador-de-elefantes-invisiveis","status":"publish","type":"product","link":"https:\/\/mabuko.co.mz\/site\/?product=o-cacador-de-elefantes-invisiveis","title":{"rendered":"O CA\u00c7ADOR DE ELEFANTES INVIS\u00cdVEIS"},"content":{"rendered":"","protected":false},"excerpt":{"rendered":"<p><strong>SINOPSE<\/strong><\/p>\n<p>Durante mais de dois anos, o escritor mo\u00e7ambicano Mia Couto colaborou regularmente com a revista portuguesa &#8220;Vis\u00e3o&#8221;. Das cr\u00f3nicas publicadas, o autor fez uma selec\u00e7\u00e3o e reescreveu-as na forma de contos. Estas breves mas marcantes narrativas cobrem a actualidade do nosso mundo e v\u00e3o desde a pandemia ao drama da guerra em Cabo Delgado. Todos os contos se enscrevem no modo po\u00e9tico com que o autor nos habituou a olhar o mundo e a humanidade. S\u00e3o estas hist\u00f3rias que aqui se re\u00fanem neste livro cuja ilustra\u00e7\u00e3o da capa \u00e9 da autoria de Susa Monteiro, a mesma autora que ilustrou os contos originais da Vis\u00e3o.<br \/>\nAutor<\/p>\n<p>ISBN: 9789895334513<br \/>\n<span id=\"author-name-hide\">Autor: Mia Couto<\/span><\/p>\n","protected":false},"featured_media":3357,"template":"","meta":{"_monsterinsights_skip_tracking":false,"_monsterinsights_sitenote_active":false,"_monsterinsights_sitenote_note":"","_monsterinsights_sitenote_category":0},"product_cat":[105],"product_tag":[],"class_list":{"0":"post-3356","1":"product","2":"type-product","3":"status-publish","4":"has-post-thumbnail","6":"product_cat-romance","7":"pa_book-author-mia-couto","9":"first","10":"outofstock","11":"shipping-taxable","12":"purchasable","13":"product-type-simple"},"_links":{"self":[{"href":"https:\/\/mabuko.co.mz\/site\/index.php?rest_route=\/wp\/v2\/product\/3356","targetHints":{"allow":["GET"]}}],"collection":[{"href":"https:\/\/mabuko.co.mz\/site\/index.php?rest_route=\/wp\/v2\/product"}],"about":[{"href":"https:\/\/mabuko.co.mz\/site\/index.php?rest_route=\/wp\/v2\/types\/product"}],"wp:featuredmedia":[{"embeddable":true,"href":"https:\/\/mabuko.co.mz\/site\/index.php?rest_route=\/wp\/v2\/media\/3357"}],"wp:attachment":[{"href":"https:\/\/mabuko.co.mz\/site\/index.php?rest_route=%2Fwp%2Fv2%2Fmedia&parent=3356"}],"wp:term":[{"taxonomy":"product_cat","embeddable":true,"href":"https:\/\/mabuko.co.mz\/site\/index.php?rest_route=%2Fwp%2Fv2%2Fproduct_cat&post=3356"},{"taxonomy":"product_tag","embeddable":true,"href":"https:\/\/mabuko.co.mz\/site\/index.php?rest_route=%2Fwp%2Fv2%2Fproduct_tag&post=3356"}],"curies":[{"name":"wp","href":"https:\/\/api.w.org\/{rel}","templated":true}]}}