{"id":200,"date":"2020-08-17T04:37:04","date_gmt":"2020-08-17T04:37:04","guid":{"rendered":"https:\/\/mabuko.co.mz\/?page_id=200"},"modified":"2022-06-10T09:43:53","modified_gmt":"2022-06-10T09:43:53","slug":"about-us","status":"publish","type":"page","link":"https:\/\/mabuko.co.mz\/site\/?page_id=200","title":{"rendered":"Sobre N\u00f3s"},"content":{"rendered":"<div class=\"wp-block-bwgb-group bwgb-group mb-5 space-bottom-lg-3\" id=\"bwgb-044614d\"><div class=\"wp-block-image\"><figure class=\"aligncenter size-large\"><img loading=\"lazy\" decoding=\"async\" width=\"1024\" height=\"315\" src=\"https:\/\/mabuko.co.mz\/wp-content\/uploads\/2022\/06\/IMG_6493-1024x315.jpg\" alt=\"\" class=\"wp-image-4050\" srcset=\"https:\/\/mabuko.co.mz\/site\/wp-content\/uploads\/2022\/06\/IMG_6493-1024x315.jpg 1024w, https:\/\/mabuko.co.mz\/site\/wp-content\/uploads\/2022\/06\/IMG_6493-300x92.jpg 300w, https:\/\/mabuko.co.mz\/site\/wp-content\/uploads\/2022\/06\/IMG_6493-768x236.jpg 768w, https:\/\/mabuko.co.mz\/site\/wp-content\/uploads\/2022\/06\/IMG_6493-1536x473.jpg 1536w, https:\/\/mabuko.co.mz\/site\/wp-content\/uploads\/2022\/06\/IMG_6493-2048x630.jpg 2048w\" sizes=\"auto, (max-width: 1024px) 100vw, 1024px\" \/><\/figure><\/div>\n\n<div class=\"wp-block-bwgb-columns bwgb-columns bwgb-c437cc2\" id=\"bwgb-c437cc2\"><div class=\"container\"><div class=\"wp-block-bwgb-columns__row row mb-lg-8\"><div class=\"wp-block-bwgb-column bwgb-column mx-auto bg-white mt-n10 mt-md-n13 pt-5 pt-lg-7 px-3 px-md-5 pl-xl-10 pr-xl-4 bwgb-14b8c52 col-sm-12 col-md-12 col-lg-12 col-xl-9\" id=\"bwgb-14b8c52\"><div class=\"wp-block-bwgb-group bwgb-group mb-4 mb-lg-7 ml-xl-4\" id=\"bwgb-a09ca16\"><h2 class=\"font-weight medium font-size-10 mb-4 mb-lg-7 wp-block-heading\" id=\"quem-somos\">Quem Somos<\/h2><\/div>\n\n<div class=\"wp-block-bwgb-group bwgb-group mb-4 pb-xl-1 ml-xl-4\" id=\"bwgb-8d31d7e\"><p>Somos uma livraria de refer\u00eancia na cidade de Maputo que come\u00e7ou como importadora de jornais e revistas&nbsp;que eram depois comercializadas em dois pontos m\u00f3veis,&nbsp;na Av. Julius Nyerere e na Av. 25 de Setembro.<\/p>\n\n<p><\/p>\n\n<p>O aumento da procura de livros a n\u00edvel nacional, e os consistentes pedidos dos nossos clientes, levaram a que apost\u00e1ssemos na importa\u00e7\u00e3o de livros e brindes. &nbsp;Inaugur\u00e1mos a nossa primeira loja, na Av Julius Nyerere em 1995 &nbsp;e, ap\u00f3s 3 anos, mud\u00e1mos para uma loja maior na mesma Avenida , onde estamos at\u00e9 hoje. Hoje, al\u00e9m dos livros , que importamos directamente e tamb\u00e9m por encomenda, temos uma vasta gama de autores nacionais e mantemos a nossa oferta de brindes de elevada qualidade, incluindo v\u00e1rias marcas e produtos de artistas nacionais, e material escolar.<\/p>\n\n<p>A Mabuko tem neste momento duas lojas uma na Avenida Julius Nyerere&nbsp;820&nbsp; em Maputo e outra no Centro Comercial Novare na Matola.<\/p><\/div><\/div><\/div><\/div><\/div>\n\n<div class=\"wp-block-bwgb-stats-static bwgb-stats-static bwgb-8b40d60 container\" id=\"bwgb-8b40d60\"><div class=\"mb-5 mb-lg-7\"><div class=\"d-md-flex align-items-center justify-content-between px-xl-10\"><div class=\"text-center mb-3 mb-md-0\"><h4 class=\"bwgb-stats-static__stats-title font-size-12 font-weight-medium ml-lg-2\">45M<\/h4><p class=\"bwgb-stats-static__stats-description font-size-4\">Active Readers<\/p><\/div><div class=\"text-center mb-3 mb-md-0\"><h4 class=\"bwgb-stats-static__stats-title font-size-12 font-weight-medium ml-lg-2\">+6k<\/h4><p class=\"bwgb-stats-static__stats-description font-size-4\">Total Pages<\/p><\/div><div class=\"text-center mb-3 mb-md-0\"><h4 class=\"bwgb-stats-static__stats-title font-size-12 font-weight-medium ml-lg-2\">30.6M<\/h4><p class=\"bwgb-stats-static__stats-description font-size-4\">Buyers Activie<\/p><\/div><div class=\"text-center mb-3 mb-md-0\"><h4 class=\"bwgb-stats-static__stats-title font-size-12 font-weight-medium ml-lg-2\">283<\/h4><p class=\"bwgb-stats-static__stats-description font-size-4\">Cup Of Coffe<\/p><\/div><\/div><\/div><\/div>\n\n<div class=\"wp-block-bwgb-icon-blocks bwgb-icon-blocks mb-5 mb-lg-10 bwgb-261b746 icon-style-3 bg-white\" id=\"bwgb-261b746\"><div class=\"wp-block-bwgb-icon-blocks__inner container\"><h6 class=\"bwgb-icon-block__block-header font-weight-medium font-size-7 mb-5 mb-lg-6\">Why We<\/h6><ul class=\"list-unstyled my-0 list-features row d-md-flex\"><li class=\"list-feature mb-5 mb-md-0 col-md-2  col-lg-3\"><div class=\"media flex-column align-items-center align-items-md-start pr-xl-3\"><div class=\"bwgb-icon-block__block-icon feature__icon font-size-14 text-lh-xs mb-3 text-primary\"><i class=\"glyph fa-icon flaticon-delivery\"><\/i><\/div><div class=\"media-body media-body text-center text-md-left\"><h4 class=\"bwgb-icon-block__block-title feature__title font-size-3\">Free Delivery<\/h4><p class=\"bwgb-icon-block__block-description feature__subtitle m-0\">Duis aute irure dolor in reprehenderit in voluptate velit esse cillum dolore eu.<\/p><\/div><\/div><\/li><li class=\"list-feature mb-5 mb-md-0 col-md-2  col-lg-3\"><div class=\"media flex-column align-items-center align-items-md-start pr-xl-3\"><div class=\"bwgb-icon-block__block-icon feature__icon font-size-14 text-lh-xs mb-3 text-primary\"><i class=\"glyph fa-icon flaticon-credit\"><\/i><\/div><div class=\"media-body media-body text-center text-md-left\"><h4 class=\"bwgb-icon-block__block-title feature__title font-size-3\">Secure Payment<\/h4><p class=\"bwgb-icon-block__block-description feature__subtitle m-0\">Duis aute irure dolor in reprehenderit in voluptate velit esse cillum dolore eu.<\/p><\/div><\/div><\/li><li class=\"list-feature mb-5 mb-md-0 col-md-2  col-lg-3\"><div class=\"media flex-column align-items-center align-items-md-start pr-xl-3\"><div class=\"bwgb-icon-block__block-icon feature__icon font-size-14 text-lh-xs mb-3 text-primary\"><i class=\"glyph fa-icon flaticon-warranty\"><\/i><\/div><div class=\"media-body media-body text-center text-md-left\"><h4 class=\"bwgb-icon-block__block-title feature__title font-size-3\">Money Back Guarantee<\/h4><p class=\"bwgb-icon-block__block-description feature__subtitle m-0\">Duis aute irure dolor in reprehenderit in voluptate velit esse cillum dolore eu.<\/p><\/div><\/div><\/li><li class=\"list-feature mb-5 mb-md-0 col-md-2  col-lg-3\"><div class=\"media flex-column align-items-center align-items-md-start pr-xl-3\"><div class=\"bwgb-icon-block__block-icon feature__icon font-size-14 text-lh-xs mb-3 text-primary\"><i class=\"glyph fa-icon flaticon-help\"><\/i><\/div><div class=\"media-body media-body text-center text-md-left\"><h4 class=\"bwgb-icon-block__block-title feature__title font-size-3\">24\/7 Support<\/h4><p class=\"bwgb-icon-block__block-description feature__subtitle m-0\">Duis aute irure dolor in reprehenderit in voluptate velit esse cillum dolore eu.<\/p><\/div><\/div><\/li><\/ul><\/div><\/div>\n\n<div class=\"wp-block-bwgb-team-member bwgb-team-member mb-10 pb-md-6 pb-lg-10 bwgb-57dc59e\" id=\"bwgb-57dc59e\"><div class=\"wp-block-bwgb-team-member__inner container\"><h6 class=\"bwgb-team-member__block-title font-weight-medium font-size-7 mb-5\">Our Team<\/h6><div class=\"js-slick-carousel u-slick u-slick--equal-height\" data-autoplay=\"false\" data-autoplay-speed=\"3000\" data-speed=\"4000\" data-slides-show=\"5\" data-slides-scroll=\"1\" data-responsive=\"[{&quot;breakpoint&quot;:767,&quot;settings&quot;:{&quot;slidesToShow&quot;:1}},{&quot;breakpoint&quot;:991,&quot;settings&quot;:{&quot;slidesToShow&quot;:2}},{&quot;breakpoint&quot;:1199,&quot;settings&quot;:{&quot;slidesToShow&quot;:3}}]\" data-pagi-classes=\"text-center u-slick__pagination mt-md-8 mt-4 position-absolute right-0 left-0\"><div class=\"product__inner overflow-hidden js-slide\"><div class=\"woocommerce-LoopProduct-link woocommerce-loop-product__link d-block position-relative w-100\"><div class=\"woocommerce-loop-product__thumbnail bwgb-team-member__image border pt-5 mb-3\"><a href=\"https:\/\/mabuko.co.mz\/book-author\/jessica-simpson\/\" class=\"d-block\"><img decoding=\"async\" src=\"https:\/\/mabuko.co.mz\/wp-content\/uploads\/2020\/08\/team1.jpeg\" class=\"img-fluid mx-auto d-block attachment-shop_catalog size-shop_catalog wp-post-image\" alt=\"image-description\"\/><\/a><\/div><div class=\"woocommerce-loop-product__body product__body\"><h6 class=\"bwgb-team-member__name font-weight-regular mb-1\"><a href=\"https:\/\/mabuko.co.mz\/book-author\/jessica-simpson\/\">Anna Baranov<\/a><\/h6><span class=\"bwgb-team-member__position font-size-2 text-secondary-gray-700 d-inline-block\">Client Care<\/span><\/div><\/div><\/div><div class=\"product__inner overflow-hidden js-slide\"><div class=\"woocommerce-LoopProduct-link woocommerce-loop-product__link d-block position-relative w-100\"><div class=\"woocommerce-loop-product__thumbnail bwgb-team-member__image border pt-5 mb-3 border-left-0\"><a href=\"https:\/\/mabuko.co.mz\/book-author\/jessica-simpson\/\" class=\"d-block\"><img decoding=\"async\" src=\"https:\/\/mabuko.co.mz\/wp-content\/uploads\/2020\/08\/team1.jpeg\" class=\"img-fluid mx-auto d-block attachment-shop_catalog size-shop_catalog wp-post-image\" alt=\"image-description\"\/><\/a><\/div><div class=\"woocommerce-loop-product__body product__body\"><h6 class=\"bwgb-team-member__name font-weight-regular mb-1\"><a href=\"https:\/\/mabuko.co.mz\/book-author\/jessica-simpson\/\">Thomas Snow<\/a><\/h6><span class=\"bwgb-team-member__position font-size-2 text-secondary-gray-700 d-inline-block\">CEO\/Founder<\/span><\/div><\/div><\/div><div class=\"product__inner overflow-hidden js-slide\"><div class=\"woocommerce-LoopProduct-link woocommerce-loop-product__link d-block position-relative w-100\"><div class=\"woocommerce-loop-product__thumbnail bwgb-team-member__image border pt-5 mb-3 border-left-0\"><a href=\"https:\/\/mabuko.co.mz\/book-author\/jessica-simpson\/\" class=\"d-block\"><img decoding=\"async\" src=\"https:\/\/mabuko.co.mz\/wp-content\/uploads\/2020\/08\/team1.jpeg\" class=\"img-fluid mx-auto d-block attachment-shop_catalog size-shop_catalog wp-post-image\" alt=\"image-description\"\/><\/a><\/div><div class=\"woocommerce-loop-product__body product__body\"><h6 class=\"bwgb-team-member__name font-weight-regular mb-1\"><a href=\"https:\/\/mabuko.co.mz\/book-author\/jessica-simpson\/\">Andre Kowalsy<\/a><\/h6><span class=\"bwgb-team-member__position font-size-2 text-secondary-gray-700 d-inline-block\">Support Boss<\/span><\/div><\/div><\/div><div class=\"product__inner overflow-hidden js-slide\"><div class=\"woocommerce-LoopProduct-link woocommerce-loop-product__link d-block position-relative w-100\"><div class=\"woocommerce-loop-product__thumbnail bwgb-team-member__image border pt-5 mb-3 border-left-0\"><a href=\"https:\/\/mabuko.co.mz\/book-author\/jessica-simpson\/\" class=\"d-block\"><img decoding=\"async\" src=\"https:\/\/mabuko.co.mz\/wp-content\/uploads\/2020\/08\/team1.jpeg\" class=\"img-fluid mx-auto d-block attachment-shop_catalog size-shop_catalog wp-post-image\" alt=\"image-description\"\/><\/a><\/div><div class=\"woocommerce-loop-product__body product__body\"><h6 class=\"bwgb-team-member__name font-weight-regular mb-1\"><a href=\"https:\/\/mabuko.co.mz\/book-author\/jessica-simpson\/\">Pamela Doe<\/a><\/h6><span class=\"bwgb-team-member__position font-size-2 text-secondary-gray-700 d-inline-block\">Delivery Driver<\/span><\/div><\/div><\/div><div class=\"product__inner overflow-hidden js-slide\"><div class=\"woocommerce-LoopProduct-link woocommerce-loop-product__link d-block position-relative w-100\"><div class=\"woocommerce-loop-product__thumbnail bwgb-team-member__image border pt-5 mb-3 border-left-0\"><a href=\"https:\/\/mabuko.co.mz\/book-author\/jessica-simpson\/\" class=\"d-block\"><img decoding=\"async\" src=\"https:\/\/mabuko.co.mz\/wp-content\/uploads\/2020\/08\/team1.jpeg\" class=\"img-fluid mx-auto d-block attachment-shop_catalog size-shop_catalog wp-post-image\" alt=\"image-description\"\/><\/a><\/div><div class=\"woocommerce-loop-product__body product__body\"><h6 class=\"bwgb-team-member__name font-weight-regular mb-1\"><a href=\"https:\/\/mabuko.co.mz\/book-author\/jessica-simpson\/\">Susan McCain<\/a><\/h6><span class=\"bwgb-team-member__position font-size-2 text-secondary-gray-700 d-inline-block\">Packaging Girl<\/span><\/div><\/div><\/div><div class=\"product__inner overflow-hidden js-slide\"><div class=\"woocommerce-LoopProduct-link woocommerce-loop-product__link d-block position-relative w-100\"><div class=\"woocommerce-loop-product__thumbnail bwgb-team-member__image border pt-5 mb-3 border-left-0\"><a href=\"https:\/\/mabuko.co.mz\/book-author\/jessica-simpson\/\" class=\"d-block\"><img decoding=\"async\" src=\"https:\/\/mabuko.co.mz\/wp-content\/uploads\/2020\/08\/team1.jpeg\" class=\"img-fluid mx-auto d-block attachment-shop_catalog size-shop_catalog wp-post-image\" alt=\"image-description\"\/><\/a><\/div><div class=\"woocommerce-loop-product__body product__body\"><h6 class=\"bwgb-team-member__name font-weight-regular mb-1\"><a href=\"https:\/\/mabuko.co.mz\/book-author\/jessica-simpson\/\">Anna Baranov<\/a><\/h6><span class=\"bwgb-team-member__position font-size-2 text-secondary-gray-700 d-inline-block\">Client Care<\/span><\/div><\/div><\/div><div class=\"product__inner overflow-hidden js-slide\"><div class=\"woocommerce-LoopProduct-link woocommerce-loop-product__link d-block position-relative w-100\"><div class=\"woocommerce-loop-product__thumbnail bwgb-team-member__image border pt-5 mb-3 border-left-0\"><a href=\"https:\/\/mabuko.co.mz\/book-author\/jessica-simpson\/\" class=\"d-block\"><img decoding=\"async\" src=\"https:\/\/mabuko.co.mz\/wp-content\/uploads\/2020\/08\/team1.jpeg\" class=\"img-fluid mx-auto d-block attachment-shop_catalog size-shop_catalog wp-post-image\" alt=\"image-description\"\/><\/a><\/div><div class=\"woocommerce-loop-product__body product__body\"><h6 class=\"bwgb-team-member__name font-weight-regular mb-1\"><a href=\"https:\/\/mabuko.co.mz\/book-author\/jessica-simpson\/\">Thomas Snow<\/a><\/h6><span class=\"bwgb-team-member__position font-size-2 text-secondary-gray-700 d-inline-block\">CEO\/Founder<\/span><\/div><\/div><\/div><div class=\"product__inner overflow-hidden js-slide\"><div class=\"woocommerce-LoopProduct-link woocommerce-loop-product__link d-block position-relative w-100\"><div class=\"woocommerce-loop-product__thumbnail bwgb-team-member__image border pt-5 mb-3 border-left-0\"><a href=\"https:\/\/mabuko.co.mz\/book-author\/jessica-simpson\/\" class=\"d-block\"><img decoding=\"async\" src=\"https:\/\/mabuko.co.mz\/wp-content\/uploads\/2020\/08\/team1.jpeg\" class=\"img-fluid mx-auto d-block attachment-shop_catalog size-shop_catalog wp-post-image\" alt=\"image-description\"\/><\/a><\/div><div class=\"woocommerce-loop-product__body product__body\"><h6 class=\"bwgb-team-member__name font-weight-regular mb-1\"><a href=\"https:\/\/mabuko.co.mz\/book-author\/jessica-simpson\/\">Andre Kowalsy<\/a><\/h6><span class=\"bwgb-team-member__position font-size-2 text-secondary-gray-700 d-inline-block\">Support Boss<\/span><\/div><\/div><\/div><\/div><\/div><\/div>\n\n<div class=\"wp-block-bwgb-clients bwgb-clients bwgb-e101b7c\" id=\"bwgb-e101b7c\"><div class=\"wp-block-bwgb-clients__inner container\"><h6 class=\"bwgb-clients__block-title font-weight-medium font-size-7 mb-4 mb-lg-9\">Company Partners<\/h6><div class=\"d-lg-flex align-items-center justify-content-between\"><div class=\"text-center mb-5 mb-lg-0\"><img decoding=\"async\" src=\"https:\/\/mabuko.co.mz\/wp-content\/plugins\/bookwormgb\/dist\/images\/block-clients-img1.8552265.png\" class=\"img-fluid\" alt=\"image-description\"\/><\/div><div class=\"text-center mb-5 mb-lg-0\"><img decoding=\"async\" src=\"https:\/\/mabuko.co.mz\/wp-content\/plugins\/bookwormgb\/dist\/images\/block-clients-img2.b3d9a86.png\" class=\"img-fluid\" alt=\"image-description\"\/><\/div><div class=\"text-center mb-5 mb-lg-0\"><img decoding=\"async\" src=\"https:\/\/mabuko.co.mz\/wp-content\/plugins\/bookwormgb\/dist\/images\/block-clients-img3.895ead4.png\" class=\"img-fluid\" alt=\"image-description\"\/><\/div><div class=\"text-center mb-5 mb-lg-0\"><img decoding=\"async\" src=\"https:\/\/mabuko.co.mz\/wp-content\/plugins\/bookwormgb\/dist\/images\/block-clients-img4.1b11299.png\" class=\"img-fluid\" alt=\"image-description\"\/><\/div><div class=\"text-center mb-5 mb-lg-0\"><img decoding=\"async\" src=\"https:\/\/mabuko.co.mz\/wp-content\/plugins\/bookwormgb\/dist\/images\/block-clients-img5.8552265.png\" class=\"img-fluid\" alt=\"image-description\"\/><\/div><div class=\"text-center mb-5 mb-lg-0\"><img decoding=\"async\" src=\"https:\/\/mabuko.co.mz\/wp-content\/plugins\/bookwormgb\/dist\/images\/block-clients-img6.b3d9a86.png\" class=\"img-fluid\" alt=\"image-description\"\/><\/div><\/div><\/div><\/div><\/div>","protected":false},"excerpt":{"rendered":"","protected":false},"author":1,"featured_media":0,"parent":0,"menu_order":0,"comment_status":"closed","ping_status":"closed","template":"","meta":{"_monsterinsights_skip_tracking":false,"_monsterinsights_sitenote_active":false,"_monsterinsights_sitenote_note":"","_monsterinsights_sitenote_category":0,"_body_classes":"bookworm-page-template about-template","_disable_container":true,"_hide_page_header":false,"_hide_page_breadcrumb":true,"_header_style":"","_is_custom_header":false,"_header_static_content_id":0,"_footer_style":"","_is_custom_footer":false,"_footer_static_content_id":0,"footnotes":""},"class_list":["post-200","page","type-page","status-publish","hentry"],"_links":{"self":[{"href":"https:\/\/mabuko.co.mz\/site\/index.php?rest_route=\/wp\/v2\/pages\/200","targetHints":{"allow":["GET"]}}],"collection":[{"href":"https:\/\/mabuko.co.mz\/site\/index.php?rest_route=\/wp\/v2\/pages"}],"about":[{"href":"https:\/\/mabuko.co.mz\/site\/index.php?rest_route=\/wp\/v2\/types\/page"}],"author":[{"embeddable":true,"href":"https:\/\/mabuko.co.mz\/site\/index.php?rest_route=\/wp\/v2\/users\/1"}],"replies":[{"embeddable":true,"href":"https:\/\/mabuko.co.mz\/site\/index.php?rest_route=%2Fwp%2Fv2%2Fcomments&post=200"}],"version-history":[{"count":12,"href":"https:\/\/mabuko.co.mz\/site\/index.php?rest_route=\/wp\/v2\/pages\/200\/revisions"}],"predecessor-version":[{"id":4051,"href":"https:\/\/mabuko.co.mz\/site\/index.php?rest_route=\/wp\/v2\/pages\/200\/revisions\/4051"}],"wp:attachment":[{"href":"https:\/\/mabuko.co.mz\/site\/index.php?rest_route=%2Fwp%2Fv2%2Fmedia&parent=200"}],"curies":[{"name":"wp","href":"https:\/\/api.w.org\/{rel}","templated":true}]}}